{"id":27075,"date":"2024-04-19T12:35:32","date_gmt":"2024-04-19T10:35:32","guid":{"rendered":"https:\/\/www.trbo.com\/?page_id=27075"},"modified":"2026-03-17T10:07:25","modified_gmt":"2026-03-17T09:07:25","slug":"digital-breakfast-bash-vol-23-bessere-kundenzufriedenheit-mit-trbo-chat","status":"publish","type":"page","link":"https:\/\/www.trbo.com\/de\/digital-breakfast-bash-vol-23-bessere-kundenzufriedenheit-mit-trbo-chat\/","title":{"rendered":"Digital Breakfast Bash Vol. 23 \u2013 bessere Kundenzufriedenheit mit trbo Chat"},"content":{"rendered":"<div data-elementor-type=\"wp-page\" data-elementor-id=\"27075\" class=\"elementor elementor-27075\" data-elementor-post-type=\"page\">\n\t\t\t\t<div class=\"elementor-element elementor-element-7371680 e-flex e-con-boxed e-con e-parent\" data-id=\"7371680\" data-element_type=\"container\">\n\t\t\t\t\t<div class=\"e-con-inner\">\n\t\t\t\t<div class=\"elementor-element elementor-element-6b6504b elementor-widget elementor-widget-image\" data-id=\"6b6504b\" data-element_type=\"widget\" data-widget_type=\"image.default\">\n\t\t\t\t<div class=\"elementor-widget-container\">\n\t\t\t\t\t\t\t\t\t\t\t\t\t\t\t<img fetchpriority=\"high\" decoding=\"async\" width=\"1200\" height=\"300\" src=\"https:\/\/www.trbo.com\/wp-content\/uploads\/2024\/04\/trb_DBB_24_Blog.jpg\" class=\"attachment-1536x1536 size-1536x1536 wp-image-27077\" alt=\"Digital Breakfast Bash Vol. 23\" srcset=\"https:\/\/www.trbo.com\/wp-content\/uploads\/2024\/04\/trb_DBB_24_Blog.jpg 1200w, https:\/\/www.trbo.com\/wp-content\/uploads\/2024\/04\/trb_DBB_24_Blog-300x75.jpg 300w, https:\/\/www.trbo.com\/wp-content\/uploads\/2024\/04\/trb_DBB_24_Blog-1024x256.jpg 1024w, https:\/\/www.trbo.com\/wp-content\/uploads\/2024\/04\/trb_DBB_24_Blog-768x192.jpg 768w, https:\/\/www.trbo.com\/wp-content\/uploads\/2024\/04\/trb_DBB_24_Blog-18x5.jpg 18w\" sizes=\"(max-width: 1200px) 100vw, 1200px\" \/>\t\t\t\t\t\t\t\t\t\t\t\t\t\t\t<\/div>\n\t\t\t\t<\/div>\n\t\t\t\t\t<\/div>\n\t\t\t\t<\/div>\n\t\t<div class=\"elementor-element elementor-element-0d3ca9e e-flex e-con-boxed e-con e-parent\" data-id=\"0d3ca9e\" data-element_type=\"container\">\n\t\t\t\t\t<div class=\"e-con-inner\">\n\t\t\t\t<div class=\"elementor-element elementor-element-18bfb17 elementor-widget elementor-widget-spacer\" data-id=\"18bfb17\" data-element_type=\"widget\" data-widget_type=\"spacer.default\">\n\t\t\t\t<div class=\"elementor-widget-container\">\n\t\t\t\t\t\t\t<div class=\"elementor-spacer\">\n\t\t\t<div class=\"elementor-spacer-inner\"><\/div>\n\t\t<\/div>\n\t\t\t\t\t\t<\/div>\n\t\t\t\t<\/div>\n\t\t\t\t<div class=\"elementor-element elementor-element-b230600 elementor-countdown--label-block elementor-widget elementor-widget-countdown\" data-id=\"b230600\" data-element_type=\"widget\" data-widget_type=\"countdown.default\">\n\t\t\t\t<div class=\"elementor-widget-container\">\n\t\t\t\t\t\t\t<div data-expire-actions=\"[{&quot;type&quot;:&quot;hide&quot;}]\" class=\"elementor-countdown-wrapper\" data-date=\"1715760000\">\n\t\t\t<div class=\"elementor-countdown-item\"><span class=\"elementor-countdown-digits elementor-countdown-days\"><\/span> <span class=\"elementor-countdown-label\">Tage<\/span><\/div><div class=\"elementor-countdown-item\"><span class=\"elementor-countdown-digits elementor-countdown-hours\"><\/span> <span class=\"elementor-countdown-label\">Stunden<\/span><\/div><div class=\"elementor-countdown-item\"><span class=\"elementor-countdown-digits elementor-countdown-minutes\"><\/span> <span class=\"elementor-countdown-label\">Minuten<\/span><\/div>\t\t<\/div>\n\t\t\t\t\t\t<\/div>\n\t\t\t\t<\/div>\n\t\t\t\t<div class=\"elementor-element elementor-element-99e3419 elementor-widget elementor-widget-spacer\" data-id=\"99e3419\" data-element_type=\"widget\" data-widget_type=\"spacer.default\">\n\t\t\t\t<div class=\"elementor-widget-container\">\n\t\t\t\t\t\t\t<div class=\"elementor-spacer\">\n\t\t\t<div class=\"elementor-spacer-inner\"><\/div>\n\t\t<\/div>\n\t\t\t\t\t\t<\/div>\n\t\t\t\t<\/div>\n\t\t\t\t\t<\/div>\n\t\t\t\t<\/div>\n\t\t\t\t<section class=\"elementor-section elementor-top-section elementor-element elementor-element-5b977ded elementor-section-boxed elementor-section-height-default elementor-section-height-default\" data-id=\"5b977ded\" data-element_type=\"section\">\n\t\t\t\t\t\t<div class=\"elementor-container elementor-column-gap-default\">\n\t\t\t\t\t<div class=\"elementor-column elementor-col-100 elementor-top-column elementor-element elementor-element-7c16c0b7\" data-id=\"7c16c0b7\" data-element_type=\"column\">\n\t\t\t<div class=\"elementor-widget-wrap elementor-element-populated\">\n\t\t\t\t\t\t<div class=\"elementor-element elementor-element-4eb3c972 elementor-widget elementor-widget-text-editor\" data-id=\"4eb3c972\" data-element_type=\"widget\" data-widget_type=\"text-editor.default\">\n\t\t\t\t<div class=\"elementor-widget-container\">\n\t\t\t\t\t\t\t\t\t<p><\/p>\n<p><span style=\"font-weight: 400;\">Am 16. Mai 2024 um 10 Uhr laden wir dich herzlich zu unserem <strong>Digital Breakfast Bash Vol.23<\/strong> ein, bei dem wir das Thema Customer Service genauer unter die Lupe nehmen.<\/span><\/p>\n<p><span style=\"font-weight: 400;\">Als Shopbetreiber kennst du sicherlich die Herausforderungen im Customerservice nur zu gut. Doch wie kannst du diese meistern? Das ist genau das, wor\u00fcber wir sprechen werden. Erfahre, wie du mit innovativen Strategien und trbo Chat die t\u00e4glichen H\u00fcrden im Kundenservice spielend bew\u00e4ltigen kannst.<\/span><\/p>\n<p><span style=\"font-weight: 400;\">Unsere Speakerin f\u00fcr dieses Webinar ist Velina Chekelova, Senior Client Success Manager bei uns. Velina ist eine herausragende Expertin auf ihrem Gebiet und teilt ihre umfangreiche Erfahrung und Leidenschaft f\u00fcr Conversational Guided Selling mit uns. Sie wird dir zeigen, wie du die Effizienz deines Kundenservices steigern kannst.<\/span><\/p>\n<p>\u00a0<\/p>\n<p><strong>Worum wird es gehen?<\/strong><\/p>\n<ul>\n<li><span style=\"font-weight: 400;\"><strong>Painpoints im Customer Service<\/strong>: Erfahre, wie du zu hohe Kosten, zeitaufw\u00e4ndige Prozesse und einen hohen Personalaufwand im Kundenservice verbessern kannst.<\/span><\/li>\n<li><span style=\"font-weight: 400;\"><strong>KI und Customer Service:<\/strong> Entdecke, wie k\u00fcnstliche Intelligenz funktioniert und wie sie im Kundenservice eingesetzt werden kann, um Prozesse zu optimieren und die Kundenerfahrung zu verbessern.<\/span><\/li>\n<li><span style=\"font-weight: 400;\"><strong>trbo Chat:<\/strong> Lerne unser Produkt trbo Chat kennen und erfahre, wie es funktioniert und wie es dir dabei helfen kann, deine Kundeninteraktionen zu optimieren und deinen Kundenservice effizienter zu gestalten.<\/span><\/li>\n<li><span style=\"font-weight: 400;\"><strong>Vorteile von trbo Chat und dem gesamten trbo-Produktportfolio:<\/strong> Entdecke die vielf\u00e4ltigen Vorteile, die trbo Chat und die komplette Toolbox bieten, und wie sie dir dabei helfen k\u00f6nnen, dein Unternehmen erfolgreich zu machen.<br \/><\/span><\/li>\n<\/ul>\n<p>\u00a0<\/p>\n<p><strong>M\u00f6chtest du lernen, wie du deinen Kundenservice auf ein neues Level hebst? Dann melde dich jetzt gleich f\u00fcr unser Webinar an!<\/strong><\/p>\n<p><span style=\"font-weight: 400;\">Wir freuen uns darauf, dich beim Digital Breakfast Bash Vol.23 zu begr\u00fc\u00dfen und gemeinsam die Welt des Kundenservice zu verbessern.<\/span><\/p>\n<p><\/p>\n<p><\/p>\n<p><\/p>\t\t\t\t\t\t\t\t<\/div>\n\t\t\t\t<\/div>\n\t\t\t\t<div class=\"elementor-element elementor-element-d9db7b2 elementor-widget elementor-widget-spacer\" data-id=\"d9db7b2\" data-element_type=\"widget\" data-widget_type=\"spacer.default\">\n\t\t\t\t<div class=\"elementor-widget-container\">\n\t\t\t\t\t\t\t<div class=\"elementor-spacer\">\n\t\t\t<div class=\"elementor-spacer-inner\"><\/div>\n\t\t<\/div>\n\t\t\t\t\t\t<\/div>\n\t\t\t\t<\/div>\n\t\t\t\t\t<\/div>\n\t\t<\/div>\n\t\t\t\t\t<\/div>\n\t\t<\/section>\n\t\t<div class=\"elementor-element elementor-element-df66e35 e-flex e-con-boxed e-con e-parent\" data-id=\"df66e35\" data-element_type=\"container\">\n\t\t\t\t\t<div class=\"e-con-inner\">\n\t\t\t\t<div class=\"elementor-element elementor-element-8c4c5ee elementor-align-center elementor-widget elementor-widget-button\" data-id=\"8c4c5ee\" data-element_type=\"widget\" data-widget_type=\"button.default\">\n\t\t\t\t<div class=\"elementor-widget-container\">\n\t\t\t\t\t\t\t\t\t<div class=\"elementor-button-wrapper\">\n\t\t\t\t\t<a class=\"elementor-button elementor-button-link elementor-size-sm\" href=\"https:\/\/us02web.zoom.us\/webinar\/register\/WN_hsdxlnBlT1Wn13deMsm9vA\" target=\"_blank\">\n\t\t\t\t\t\t<span class=\"elementor-button-content-wrapper\">\n\t\t\t\t\t\t\t\t\t<span class=\"elementor-button-text\">Zur Anmeldung<\/span>\n\t\t\t\t\t<\/span>\n\t\t\t\t\t<\/a>\n\t\t\t\t<\/div>\n\t\t\t\t\t\t\t\t<\/div>\n\t\t\t\t<\/div>\n\t\t\t\t\t<\/div>\n\t\t\t\t<\/div>\n\t\t<div class=\"elementor-element elementor-element-cf06550 e-flex e-con-boxed e-con e-parent\" data-id=\"cf06550\" data-element_type=\"container\">\n\t\t\t\t\t<div class=\"e-con-inner\">\n\t\t\t\t<div class=\"elementor-element elementor-element-9d4c7ca elementor-widget elementor-widget-spacer\" data-id=\"9d4c7ca\" data-element_type=\"widget\" data-widget_type=\"spacer.default\">\n\t\t\t\t<div class=\"elementor-widget-container\">\n\t\t\t\t\t\t\t<div class=\"elementor-spacer\">\n\t\t\t<div class=\"elementor-spacer-inner\"><\/div>\n\t\t<\/div>\n\t\t\t\t\t\t<\/div>\n\t\t\t\t<\/div>\n\t\t\t\t\t<\/div>\n\t\t\t\t<\/div>\n\t\t<div class=\"elementor-element elementor-element-b49fad9 e-flex e-con-boxed e-con e-parent\" data-id=\"b49fad9\" data-element_type=\"container\">\n\t\t\t\t\t<div class=\"e-con-inner\">\n\t\t<div class=\"elementor-element elementor-element-efd33de e-con-full e-flex e-con e-child\" data-id=\"efd33de\" data-element_type=\"container\">\n\t\t\t\t<div class=\"elementor-element elementor-element-c669abc elementor-widget elementor-widget-image\" data-id=\"c669abc\" data-element_type=\"widget\" data-widget_type=\"image.default\">\n\t\t\t\t<div class=\"elementor-widget-container\">\n\t\t\t\t\t\t\t\t\t\t\t\t\t\t\t<img decoding=\"async\" width=\"288\" height=\"288\" src=\"https:\/\/www.trbo.com\/wp-content\/uploads\/2024\/04\/Velina-Portrait.png\" class=\"attachment-large size-large wp-image-27079\" alt=\"Profile picture of Velina Chekelova\" srcset=\"https:\/\/www.trbo.com\/wp-content\/uploads\/2024\/04\/Velina-Portrait.png 288w, https:\/\/www.trbo.com\/wp-content\/uploads\/2024\/04\/Velina-Portrait-150x150.png 150w, https:\/\/www.trbo.com\/wp-content\/uploads\/2024\/04\/Velina-Portrait-12x12.png 12w\" sizes=\"(max-width: 288px) 100vw, 288px\" \/>\t\t\t\t\t\t\t\t\t\t\t\t\t\t\t<\/div>\n\t\t\t\t<\/div>\n\t\t\t\t<\/div>\n\t\t<div class=\"elementor-element elementor-element-c57e033 e-con-full e-flex e-con e-child\" data-id=\"c57e033\" data-element_type=\"container\">\n\t\t\t\t<div class=\"elementor-element elementor-element-3295347 elementor-widget elementor-widget-text-editor\" data-id=\"3295347\" data-element_type=\"widget\" data-widget_type=\"text-editor.default\">\n\t\t\t\t<div class=\"elementor-widget-container\">\n\t\t\t\t\t\t\t\t\t<p><b style=\"color: inherit; font-family: var( --e-global-typography-b861d94-font-family ), Sans-serif; font-size: var( --e-global-typography-b861d94-font-size ); letter-spacing: var( --e-global-typography-b861d94-letter-spacing ); word-spacing: var( --e-global-typography-b861d94-word-spacing ); text-align: var(--text-align); background-color: var( --e-global-color-2f07778 );\">Velina Chekelova<br \/><\/b><span style=\"color: inherit; font-family: var( --e-global-typography-b861d94-font-family ), Sans-serif; font-size: var( --e-global-typography-b861d94-font-size ); font-weight: var( --e-global-typography-b861d94-font-weight ); letter-spacing: var( --e-global-typography-b861d94-letter-spacing ); word-spacing: var( --e-global-typography-b861d94-word-spacing ); text-align: var(--text-align); background-color: var( --e-global-color-2f07778 );\">Senior Client Success Manager<\/span><\/p>\n<p>Wir freuen uns, euch unsere Speakerin f\u00fcr das bevorstehende Webinar vorzustellen.\u00a0<\/p>\n<p class=\"p1\">Velina Chekelova ist erfahrene Senior Client Success Managerin bei trbo. Als Expertin f\u00fcr trbo Advise und trbo Chat optimiert sie die User Experience und unterst\u00fctzt bei der Schulung der K\u00fcnstlichen Intelligenz. Ihre Leidenschaft gilt Cross-Product-Use-Cases, wo sie kontinuierlich nach M\u00f6glichkeiten sucht, ihren Kunden Mehrwert zu bieten. Mit kreativem Denken und tatkr\u00e4ftigem Einsatz steht sie ihren Kunden zur Seite und tr\u00e4gt dazu bei, dass trbo-Kunden ihre Ziele erreichen und ihre Conversionrates steigern k\u00f6nnen.<\/p>\t\t\t\t\t\t\t\t<\/div>\n\t\t\t\t<\/div>\n\t\t\t\t<\/div>\n\t\t\t\t\t<\/div>\n\t\t\t\t<\/div>\n\t\t<div class=\"elementor-element elementor-element-20b156d e-flex e-con-boxed e-con e-parent\" data-id=\"20b156d\" data-element_type=\"container\">\n\t\t\t\t\t<div class=\"e-con-inner\">\n\t\t\t\t<div class=\"elementor-element elementor-element-494673a elementor-widget elementor-widget-spacer\" data-id=\"494673a\" data-element_type=\"widget\" data-widget_type=\"spacer.default\">\n\t\t\t\t<div class=\"elementor-widget-container\">\n\t\t\t\t\t\t\t<div class=\"elementor-spacer\">\n\t\t\t<div class=\"elementor-spacer-inner\"><\/div>\n\t\t<\/div>\n\t\t\t\t\t\t<\/div>\n\t\t\t\t<\/div>\n\t\t\t\t\t<\/div>\n\t\t\t\t<\/div>\n\t\t\t\t<\/div>","protected":false},"excerpt":{"rendered":"<p>Tage Stunden Minuten Am 16. Mai 2024 um 10 Uhr laden wir dich herzlich zu unserem Digital Breakfast Bash Vol.23 ein, bei dem wir das Thema Customer Service genauer unter die Lupe nehmen. Als Shopbetreiber kennst du sicherlich die Herausforderungen im Customerservice nur zu gut. Doch wie kannst du diese meistern? Das ist genau das, [&hellip;]<\/p>","protected":false},"author":41,"featured_media":27080,"parent":0,"menu_order":0,"comment_status":"closed","ping_status":"closed","template":"","meta":{"_acf_changed":false,"footnotes":""},"class_list":["post-27075","page","type-page","status-publish","has-post-thumbnail","hentry"],"acf":[],"yoast_head":"<!-- This site is optimized with the Yoast SEO plugin v24.3 - https:\/\/yoast.com\/wordpress\/plugins\/seo\/ -->\n<title>Digital Breakfast Bash Vol. 23 \u2013 bessere Kundenzufriedenheit mit trbo Chat | trbo<\/title>\n<meta name=\"description\" content=\"Erfahre, wie du die Effizienz deines Kundenservices steigern kannst. Lerne trbo Chat kennen. Hebe deinen Customerservice auf ein neues Level.\" \/>\n<meta name=\"robots\" content=\"noindex, nofollow\" \/>\n<meta property=\"og:locale\" content=\"de_DE\" \/>\n<meta property=\"og:type\" content=\"article\" \/>\n<meta property=\"og:title\" content=\"Digital Breakfast Bash Vol. 23 \u2013 bessere Kundenzufriedenheit mit trbo Chat | trbo\" \/>\n<meta property=\"og:description\" content=\"Erfahre, wie du die Effizienz deines Kundenservices steigern kannst. Lerne trbo Chat kennen. Hebe deinen Customerservice auf ein neues Level.\" \/>\n<meta property=\"og:url\" content=\"https:\/\/www.trbo.com\/de\/digital-breakfast-bash-vol-23-bessere-kundenzufriedenheit-mit-trbo-chat\/\" \/>\n<meta property=\"og:site_name\" content=\"trbo\" \/>\n<meta property=\"article:publisher\" content=\"https:\/\/www.facebook.com\/trbo.Deutschland\" \/>\n<meta property=\"article:modified_time\" content=\"2026-03-17T09:07:25+00:00\" \/>\n<meta property=\"og:image\" content=\"https:\/\/www.trbo.com\/wp-content\/uploads\/2024\/04\/trb_DBB_24_1200x1200.jpg\" \/>\n\t<meta property=\"og:image:width\" content=\"1200\" \/>\n\t<meta property=\"og:image:height\" content=\"1200\" \/>\n\t<meta property=\"og:image:type\" content=\"image\/jpeg\" \/>\n<meta name=\"twitter:card\" content=\"summary_large_image\" \/>\n<meta name=\"twitter:site\" content=\"@trboDACH\" \/>\n<meta name=\"twitter:label1\" content=\"Gesch\u00e4tzte Lesezeit\" \/>\n\t<meta name=\"twitter:data1\" content=\"3 Minuten\" \/>\n<script type=\"application\/ld+json\" class=\"yoast-schema-graph\">{\"@context\":\"https:\/\/schema.org\",\"@graph\":[{\"@type\":\"WebPage\",\"@id\":\"https:\/\/www.trbo.com\/digital-breakfast-bash-vol-23-bessere-kundenzufriedenheit-mit-trbo-chat\/\",\"url\":\"https:\/\/www.trbo.com\/digital-breakfast-bash-vol-23-bessere-kundenzufriedenheit-mit-trbo-chat\/\",\"name\":\"Digital Breakfast Bash Vol. 23 \u2013 bessere Kundenzufriedenheit mit trbo Chat | trbo\",\"isPartOf\":{\"@id\":\"https:\/\/www.trbo.com\/#website\"},\"primaryImageOfPage\":{\"@id\":\"https:\/\/www.trbo.com\/digital-breakfast-bash-vol-23-bessere-kundenzufriedenheit-mit-trbo-chat\/#primaryimage\"},\"image\":{\"@id\":\"https:\/\/www.trbo.com\/digital-breakfast-bash-vol-23-bessere-kundenzufriedenheit-mit-trbo-chat\/#primaryimage\"},\"thumbnailUrl\":\"https:\/\/www.trbo.com\/wp-content\/uploads\/2024\/04\/trb_DBB_24_1200x1200.jpg\",\"datePublished\":\"2024-04-19T10:35:32+00:00\",\"dateModified\":\"2026-03-17T09:07:25+00:00\",\"description\":\"Erfahre, wie du die Effizienz deines Kundenservices steigern kannst. Lerne trbo Chat kennen. Hebe deinen Customerservice auf ein neues Level.\",\"breadcrumb\":{\"@id\":\"https:\/\/www.trbo.com\/digital-breakfast-bash-vol-23-bessere-kundenzufriedenheit-mit-trbo-chat\/#breadcrumb\"},\"inLanguage\":\"de-DE\",\"potentialAction\":[{\"@type\":\"ReadAction\",\"target\":[\"https:\/\/www.trbo.com\/digital-breakfast-bash-vol-23-bessere-kundenzufriedenheit-mit-trbo-chat\/\"]}]},{\"@type\":\"ImageObject\",\"inLanguage\":\"de-DE\",\"@id\":\"https:\/\/www.trbo.com\/digital-breakfast-bash-vol-23-bessere-kundenzufriedenheit-mit-trbo-chat\/#primaryimage\",\"url\":\"https:\/\/www.trbo.com\/wp-content\/uploads\/2024\/04\/trb_DBB_24_1200x1200.jpg\",\"contentUrl\":\"https:\/\/www.trbo.com\/wp-content\/uploads\/2024\/04\/trb_DBB_24_1200x1200.jpg\",\"width\":1200,\"height\":1200},{\"@type\":\"BreadcrumbList\",\"@id\":\"https:\/\/www.trbo.com\/digital-breakfast-bash-vol-23-bessere-kundenzufriedenheit-mit-trbo-chat\/#breadcrumb\",\"itemListElement\":[{\"@type\":\"ListItem\",\"position\":1,\"name\":\"Home\",\"item\":\"https:\/\/www.trbo.com\/\"},{\"@type\":\"ListItem\",\"position\":2,\"name\":\"Digital Breakfast Bash Vol. 23 \u2013 bessere Kundenzufriedenheit mit trbo Chat\"}]},{\"@type\":\"WebSite\",\"@id\":\"https:\/\/www.trbo.com\/#website\",\"url\":\"https:\/\/www.trbo.com\/\",\"name\":\"trbo GmbH\",\"description\":\"Website personalization made effortless\",\"publisher\":{\"@id\":\"https:\/\/www.trbo.com\/#organization\"},\"alternateName\":\"trbo\",\"potentialAction\":[{\"@type\":\"SearchAction\",\"target\":{\"@type\":\"EntryPoint\",\"urlTemplate\":\"https:\/\/www.trbo.com\/?s={search_term_string}\"},\"query-input\":{\"@type\":\"PropertyValueSpecification\",\"valueRequired\":true,\"valueName\":\"search_term_string\"}}],\"inLanguage\":\"de-DE\"},{\"@type\":\"Organization\",\"@id\":\"https:\/\/www.trbo.com\/#organization\",\"name\":\"trbo GmbH\",\"alternateName\":\"trbo\",\"url\":\"https:\/\/www.trbo.com\/\",\"logo\":{\"@type\":\"ImageObject\",\"inLanguage\":\"de-DE\",\"@id\":\"https:\/\/www.trbo.com\/#\/schema\/logo\/image\/\",\"url\":\"https:\/\/www.trbo.com\/wp-content\/uploads\/2023\/02\/trbo.svg\",\"contentUrl\":\"https:\/\/www.trbo.com\/wp-content\/uploads\/2023\/02\/trbo.svg\",\"width\":83,\"height\":34,\"caption\":\"trbo GmbH\"},\"image\":{\"@id\":\"https:\/\/www.trbo.com\/#\/schema\/logo\/image\/\"},\"sameAs\":[\"https:\/\/www.facebook.com\/trbo.Deutschland\",\"https:\/\/x.com\/trboDACH\",\"https:\/\/www.linkedin.com\/company\/trbo-com\/\"]}]}<\/script>\n<!-- \/ Yoast SEO plugin. -->","yoast_head_json":{"title":"Digital Breakfast Bash Vol. 23 \u2013 bessere Kundenzufriedenheit mit trbo Chat | trbo","description":"Erfahre, wie du die Effizienz deines Kundenservices steigern kannst. Lerne trbo Chat kennen. Hebe deinen Customerservice auf ein neues Level.","robots":{"index":"noindex","follow":"nofollow"},"og_locale":"de_DE","og_type":"article","og_title":"Digital Breakfast Bash Vol. 23 \u2013 bessere Kundenzufriedenheit mit trbo Chat | trbo","og_description":"Erfahre, wie du die Effizienz deines Kundenservices steigern kannst. Lerne trbo Chat kennen. Hebe deinen Customerservice auf ein neues Level.","og_url":"https:\/\/www.trbo.com\/de\/digital-breakfast-bash-vol-23-bessere-kundenzufriedenheit-mit-trbo-chat\/","og_site_name":"trbo","article_publisher":"https:\/\/www.facebook.com\/trbo.Deutschland","article_modified_time":"2026-03-17T09:07:25+00:00","og_image":[{"width":1200,"height":1200,"url":"https:\/\/www.trbo.com\/wp-content\/uploads\/2024\/04\/trb_DBB_24_1200x1200.jpg","type":"image\/jpeg"}],"twitter_card":"summary_large_image","twitter_site":"@trboDACH","twitter_misc":{"Gesch\u00e4tzte Lesezeit":"3 Minuten"},"schema":{"@context":"https:\/\/schema.org","@graph":[{"@type":"WebPage","@id":"https:\/\/www.trbo.com\/digital-breakfast-bash-vol-23-bessere-kundenzufriedenheit-mit-trbo-chat\/","url":"https:\/\/www.trbo.com\/digital-breakfast-bash-vol-23-bessere-kundenzufriedenheit-mit-trbo-chat\/","name":"Digital Breakfast Bash Vol. 23 \u2013 bessere Kundenzufriedenheit mit trbo Chat | trbo","isPartOf":{"@id":"https:\/\/www.trbo.com\/#website"},"primaryImageOfPage":{"@id":"https:\/\/www.trbo.com\/digital-breakfast-bash-vol-23-bessere-kundenzufriedenheit-mit-trbo-chat\/#primaryimage"},"image":{"@id":"https:\/\/www.trbo.com\/digital-breakfast-bash-vol-23-bessere-kundenzufriedenheit-mit-trbo-chat\/#primaryimage"},"thumbnailUrl":"https:\/\/www.trbo.com\/wp-content\/uploads\/2024\/04\/trb_DBB_24_1200x1200.jpg","datePublished":"2024-04-19T10:35:32+00:00","dateModified":"2026-03-17T09:07:25+00:00","description":"Erfahre, wie du die Effizienz deines Kundenservices steigern kannst. Lerne trbo Chat kennen. Hebe deinen Customerservice auf ein neues Level.","breadcrumb":{"@id":"https:\/\/www.trbo.com\/digital-breakfast-bash-vol-23-bessere-kundenzufriedenheit-mit-trbo-chat\/#breadcrumb"},"inLanguage":"de-DE","potentialAction":[{"@type":"ReadAction","target":["https:\/\/www.trbo.com\/digital-breakfast-bash-vol-23-bessere-kundenzufriedenheit-mit-trbo-chat\/"]}]},{"@type":"ImageObject","inLanguage":"de-DE","@id":"https:\/\/www.trbo.com\/digital-breakfast-bash-vol-23-bessere-kundenzufriedenheit-mit-trbo-chat\/#primaryimage","url":"https:\/\/www.trbo.com\/wp-content\/uploads\/2024\/04\/trb_DBB_24_1200x1200.jpg","contentUrl":"https:\/\/www.trbo.com\/wp-content\/uploads\/2024\/04\/trb_DBB_24_1200x1200.jpg","width":1200,"height":1200},{"@type":"BreadcrumbList","@id":"https:\/\/www.trbo.com\/digital-breakfast-bash-vol-23-bessere-kundenzufriedenheit-mit-trbo-chat\/#breadcrumb","itemListElement":[{"@type":"ListItem","position":1,"name":"Home","item":"https:\/\/www.trbo.com\/"},{"@type":"ListItem","position":2,"name":"Digital Breakfast Bash Vol. 23 \u2013 bessere Kundenzufriedenheit mit trbo Chat"}]},{"@type":"WebSite","@id":"https:\/\/www.trbo.com\/#website","url":"https:\/\/www.trbo.com\/","name":"trbo GmbH","description":"Website Personalisierung einfach gemacht","publisher":{"@id":"https:\/\/www.trbo.com\/#organization"},"alternateName":"trbo","potentialAction":[{"@type":"SearchAction","target":{"@type":"EntryPoint","urlTemplate":"https:\/\/www.trbo.com\/?s={search_term_string}"},"query-input":{"@type":"PropertyValueSpecification","valueRequired":true,"valueName":"search_term_string"}}],"inLanguage":"de-DE"},{"@type":"Organization","@id":"https:\/\/www.trbo.com\/#organization","name":"trbo GmbH","alternateName":"trbo","url":"https:\/\/www.trbo.com\/","logo":{"@type":"ImageObject","inLanguage":"de-DE","@id":"https:\/\/www.trbo.com\/#\/schema\/logo\/image\/","url":"https:\/\/www.trbo.com\/wp-content\/uploads\/2023\/02\/trbo.svg","contentUrl":"https:\/\/www.trbo.com\/wp-content\/uploads\/2023\/02\/trbo.svg","width":83,"height":34,"caption":"trbo GmbH"},"image":{"@id":"https:\/\/www.trbo.com\/#\/schema\/logo\/image\/"},"sameAs":["https:\/\/www.facebook.com\/trbo.Deutschland","https:\/\/x.com\/trboDACH","https:\/\/www.linkedin.com\/company\/trbo-com\/"]}]}},"_links":{"self":[{"href":"https:\/\/www.trbo.com\/de\/wp-json\/wp\/v2\/pages\/27075","targetHints":{"allow":["GET"]}}],"collection":[{"href":"https:\/\/www.trbo.com\/de\/wp-json\/wp\/v2\/pages"}],"about":[{"href":"https:\/\/www.trbo.com\/de\/wp-json\/wp\/v2\/types\/page"}],"author":[{"embeddable":true,"href":"https:\/\/www.trbo.com\/de\/wp-json\/wp\/v2\/users\/41"}],"replies":[{"embeddable":true,"href":"https:\/\/www.trbo.com\/de\/wp-json\/wp\/v2\/comments?post=27075"}],"version-history":[{"count":0,"href":"https:\/\/www.trbo.com\/de\/wp-json\/wp\/v2\/pages\/27075\/revisions"}],"wp:featuredmedia":[{"embeddable":true,"href":"https:\/\/www.trbo.com\/de\/wp-json\/wp\/v2\/media\/27080"}],"wp:attachment":[{"href":"https:\/\/www.trbo.com\/de\/wp-json\/wp\/v2\/media?parent=27075"}],"curies":[{"name":"wp","href":"https:\/\/api.w.org\/{rel}","templated":true}]}}