{"id":26089,"date":"2023-12-13T15:07:39","date_gmt":"2023-12-13T14:07:39","guid":{"rendered":"https:\/\/www.trbo.com\/?page_id=26089"},"modified":"2023-12-20T10:47:21","modified_gmt":"2023-12-20T09:47:21","slug":"digital-breakfast-bash-vol-22-mit-nargiza-reimbaeva","status":"publish","type":"page","link":"https:\/\/www.trbo.com\/de\/digital-breakfast-bash-vol-22-mit-nargiza-reimbaeva\/","title":{"rendered":"Digital Breakfast Bash Vol. 22 mit Nargiza Reimbaeva"},"content":{"rendered":"<div data-elementor-type=\"wp-page\" data-elementor-id=\"26089\" class=\"elementor elementor-26089\" data-elementor-post-type=\"page\">\n\t\t\t\t<div class=\"elementor-element elementor-element-7371680 e-flex e-con-boxed e-con e-parent\" data-id=\"7371680\" data-element_type=\"container\">\n\t\t\t\t\t<div class=\"e-con-inner\">\n\t\t\t\t<div class=\"elementor-element elementor-element-6b6504b elementor-widget elementor-widget-image\" data-id=\"6b6504b\" data-element_type=\"widget\" data-widget_type=\"image.default\">\n\t\t\t\t<div class=\"elementor-widget-container\">\n\t\t\t\t\t\t\t\t\t\t\t\t\t\t\t<img fetchpriority=\"high\" decoding=\"async\" width=\"1200\" height=\"333\" src=\"https:\/\/www.trbo.com\/wp-content\/uploads\/2023\/12\/DigitalBreakfast_Header_1200x333Px.jpg\" class=\"attachment-1536x1536 size-1536x1536 wp-image-26090\" alt=\"\" srcset=\"https:\/\/www.trbo.com\/wp-content\/uploads\/2023\/12\/DigitalBreakfast_Header_1200x333Px.jpg 1200w, https:\/\/www.trbo.com\/wp-content\/uploads\/2023\/12\/DigitalBreakfast_Header_1200x333Px-300x83.jpg 300w, https:\/\/www.trbo.com\/wp-content\/uploads\/2023\/12\/DigitalBreakfast_Header_1200x333Px-1024x284.jpg 1024w, https:\/\/www.trbo.com\/wp-content\/uploads\/2023\/12\/DigitalBreakfast_Header_1200x333Px-768x213.jpg 768w, https:\/\/www.trbo.com\/wp-content\/uploads\/2023\/12\/DigitalBreakfast_Header_1200x333Px-18x5.jpg 18w\" sizes=\"(max-width: 1200px) 100vw, 1200px\" \/>\t\t\t\t\t\t\t\t\t\t\t\t\t\t\t<\/div>\n\t\t\t\t<\/div>\n\t\t\t\t\t<\/div>\n\t\t\t\t<\/div>\n\t\t<div class=\"elementor-element elementor-element-0d3ca9e e-flex e-con-boxed e-con e-parent\" data-id=\"0d3ca9e\" data-element_type=\"container\">\n\t\t\t\t\t<div class=\"e-con-inner\">\n\t\t\t\t<div class=\"elementor-element elementor-element-18bfb17 elementor-widget elementor-widget-spacer\" data-id=\"18bfb17\" data-element_type=\"widget\" data-widget_type=\"spacer.default\">\n\t\t\t\t<div class=\"elementor-widget-container\">\n\t\t\t\t\t\t\t<div class=\"elementor-spacer\">\n\t\t\t<div class=\"elementor-spacer-inner\"><\/div>\n\t\t<\/div>\n\t\t\t\t\t\t<\/div>\n\t\t\t\t<\/div>\n\t\t\t\t<div class=\"elementor-element elementor-element-b230600 elementor-countdown--label-block elementor-widget elementor-widget-countdown\" data-id=\"b230600\" data-element_type=\"widget\" data-widget_type=\"countdown.default\">\n\t\t\t\t<div class=\"elementor-widget-container\">\n\t\t\t\t\t\t\t<div data-expire-actions=\"[{&quot;type&quot;:&quot;hide&quot;}]\" class=\"elementor-countdown-wrapper\" data-date=\"1706173200\">\n\t\t\t<div class=\"elementor-countdown-item\"><span class=\"elementor-countdown-digits elementor-countdown-days\"><\/span> <span class=\"elementor-countdown-label\">Tage<\/span><\/div><div class=\"elementor-countdown-item\"><span class=\"elementor-countdown-digits elementor-countdown-hours\"><\/span> <span class=\"elementor-countdown-label\">Stunden<\/span><\/div><div class=\"elementor-countdown-item\"><span class=\"elementor-countdown-digits elementor-countdown-minutes\"><\/span> <span class=\"elementor-countdown-label\">Minuten<\/span><\/div>\t\t<\/div>\n\t\t\t\t\t\t<\/div>\n\t\t\t\t<\/div>\n\t\t\t\t<div class=\"elementor-element elementor-element-99e3419 elementor-widget elementor-widget-spacer\" data-id=\"99e3419\" data-element_type=\"widget\" data-widget_type=\"spacer.default\">\n\t\t\t\t<div class=\"elementor-widget-container\">\n\t\t\t\t\t\t\t<div class=\"elementor-spacer\">\n\t\t\t<div class=\"elementor-spacer-inner\"><\/div>\n\t\t<\/div>\n\t\t\t\t\t\t<\/div>\n\t\t\t\t<\/div>\n\t\t\t\t\t<\/div>\n\t\t\t\t<\/div>\n\t\t\t\t<section class=\"elementor-section elementor-top-section elementor-element elementor-element-5b977ded elementor-section-boxed elementor-section-height-default elementor-section-height-default\" data-id=\"5b977ded\" data-element_type=\"section\">\n\t\t\t\t\t\t<div class=\"elementor-container elementor-column-gap-default\">\n\t\t\t\t\t<div class=\"elementor-column elementor-col-100 elementor-top-column elementor-element elementor-element-7c16c0b7\" data-id=\"7c16c0b7\" data-element_type=\"column\">\n\t\t\t<div class=\"elementor-widget-wrap elementor-element-populated\">\n\t\t\t\t\t\t<div class=\"elementor-element elementor-element-4eb3c972 elementor-widget elementor-widget-text-editor\" data-id=\"4eb3c972\" data-element_type=\"widget\" data-widget_type=\"text-editor.default\">\n\t\t\t\t<div class=\"elementor-widget-container\">\n\t\t\t\t\t\t\t\t\t<p><\/p>\n<p>Wir freuen uns auf die mittlerweile 22. Ausgabe der Webinar-Reihe am <strong>25. Januar 2024<\/strong>&nbsp;um <strong>10:00 Uhr<\/strong> und laden dich dazu herzlich ein!<\/p>\n<p><\/p>\n<h3 class=\"wp-block-heading\"><strong>Recap 2023 &amp; Jahres-Kick-Off 2024 mit Teamlead Nargiza Reimbaeva: Was ist mit trbo alles m\u00f6glich?&nbsp;<\/strong><\/h3>\n<p><\/p>\n<p><span style=\"font-weight: 400;\">Themen, die dich erwarten:<\/span><\/p>\n<p><span style=\"font-weight: 400;\"><strong>Recap 2023:<\/strong> Wir werfen einen Blick zur\u00fcck auf die Highlights, Erfolge und Best Practices des vergangenen Jahres. Lass dich von den beeindruckendsten Erfolgsgeschichten unserer Kunden inspirieren und gewinne wertvolle Erkenntnisse f\u00fcr deine eigene Reise.<\/span><\/p>\n<p><span style=\"font-weight: 400;\"><strong>Jahres-Kick Off 2024<\/strong>: Erfahre, wie du mit trbo deine Kampagnen-Strategie f\u00fcr 2024 optimieren kannst. Welche neuen Funktionen und M\u00f6glichkeiten stehen dir zur Verf\u00fcgung? Lass dir von unseren Experten innovative Ans\u00e4tze vorstellen.<\/span><\/p>\n<p><span style=\"font-weight: 400;\"><strong>Das trbo-Universum<\/strong>:&nbsp;<\/span><span style=\"background-color: var( --e-global-color-2f07778 ); color: var( --e-global-color-text ); font-family: var( --e-global-typography-text-font-family ), Sans-serif; font-size: var( --e-global-typography-text-font-size );\">Tauche ein in die vielf\u00e4ltigen M\u00f6glichkeiten, die trbo bietet. Von personalisierten Kampagnen bis zu datengetriebenen Insights \u2013 entdecke, wie du das Beste aus unserer Plattform herausholen kannst.<\/span><\/p>\n<p><strong>Sei dabei und melde dich jetzt an! Gemeinsam gestalten wir den Weg zu einer erfolgreichen Kampagnen-Strategie f\u00fcr 2024.<\/strong><\/p>\n<p><span style=\"font-weight: 400;\">Wir freuen uns darauf, dich beim Breakfast Bash Vol. 22 begr\u00fc\u00dfen zu d\u00fcrfen!<\/span><\/p>\n<p><\/p>\n<p><\/p>\n<p><\/p>\t\t\t\t\t\t\t\t<\/div>\n\t\t\t\t<\/div>\n\t\t\t\t<div class=\"elementor-element elementor-element-d9db7b2 elementor-widget elementor-widget-spacer\" data-id=\"d9db7b2\" data-element_type=\"widget\" data-widget_type=\"spacer.default\">\n\t\t\t\t<div class=\"elementor-widget-container\">\n\t\t\t\t\t\t\t<div class=\"elementor-spacer\">\n\t\t\t<div class=\"elementor-spacer-inner\"><\/div>\n\t\t<\/div>\n\t\t\t\t\t\t<\/div>\n\t\t\t\t<\/div>\n\t\t\t\t\t<\/div>\n\t\t<\/div>\n\t\t\t\t\t<\/div>\n\t\t<\/section>\n\t\t<div class=\"elementor-element elementor-element-df66e35 e-flex e-con-boxed e-con e-parent\" data-id=\"df66e35\" data-element_type=\"container\">\n\t\t\t\t\t<div class=\"e-con-inner\">\n\t\t\t\t<div class=\"elementor-element elementor-element-8c4c5ee elementor-align-center elementor-widget elementor-widget-button\" data-id=\"8c4c5ee\" data-element_type=\"widget\" data-widget_type=\"button.default\">\n\t\t\t\t<div class=\"elementor-widget-container\">\n\t\t\t\t\t\t\t\t\t<div class=\"elementor-button-wrapper\">\n\t\t\t\t\t<a class=\"elementor-button elementor-button-link elementor-size-sm\" href=\"https:\/\/us02web.zoom.us\/webinar\/register\/WN_LSiu-1ROSPSIkUmxpEoctw\" target=\"_blank\">\n\t\t\t\t\t\t<span class=\"elementor-button-content-wrapper\">\n\t\t\t\t\t\t\t\t\t<span class=\"elementor-button-text\">Zur Anmeldung<\/span>\n\t\t\t\t\t<\/span>\n\t\t\t\t\t<\/a>\n\t\t\t\t<\/div>\n\t\t\t\t\t\t\t\t<\/div>\n\t\t\t\t<\/div>\n\t\t\t\t\t<\/div>\n\t\t\t\t<\/div>\n\t\t<div class=\"elementor-element elementor-element-cf06550 e-flex e-con-boxed e-con e-parent\" data-id=\"cf06550\" data-element_type=\"container\">\n\t\t\t\t\t<div class=\"e-con-inner\">\n\t\t\t\t<div class=\"elementor-element elementor-element-9d4c7ca elementor-widget elementor-widget-spacer\" data-id=\"9d4c7ca\" data-element_type=\"widget\" data-widget_type=\"spacer.default\">\n\t\t\t\t<div class=\"elementor-widget-container\">\n\t\t\t\t\t\t\t<div class=\"elementor-spacer\">\n\t\t\t<div class=\"elementor-spacer-inner\"><\/div>\n\t\t<\/div>\n\t\t\t\t\t\t<\/div>\n\t\t\t\t<\/div>\n\t\t\t\t\t<\/div>\n\t\t\t\t<\/div>\n\t\t<div class=\"elementor-element elementor-element-b49fad9 e-flex e-con-boxed e-con e-parent\" data-id=\"b49fad9\" data-element_type=\"container\">\n\t\t\t\t\t<div class=\"e-con-inner\">\n\t\t<div class=\"elementor-element elementor-element-efd33de e-con-full e-flex e-con e-child\" data-id=\"efd33de\" data-element_type=\"container\">\n\t\t\t\t<div class=\"elementor-element elementor-element-c669abc elementor-widget elementor-widget-image\" data-id=\"c669abc\" data-element_type=\"widget\" data-widget_type=\"image.default\">\n\t\t\t\t<div class=\"elementor-widget-container\">\n\t\t\t\t\t\t\t\t\t\t\t\t\t\t\t<img decoding=\"async\" width=\"800\" height=\"800\" src=\"https:\/\/www.trbo.com\/wp-content\/uploads\/2023\/12\/Foto_Nargiza_Reimbaeva.jpg\" class=\"attachment-large size-large wp-image-26091\" alt=\"\" srcset=\"https:\/\/www.trbo.com\/wp-content\/uploads\/2023\/12\/Foto_Nargiza_Reimbaeva.jpg 1024w, https:\/\/www.trbo.com\/wp-content\/uploads\/2023\/12\/Foto_Nargiza_Reimbaeva-300x300.jpg 300w, https:\/\/www.trbo.com\/wp-content\/uploads\/2023\/12\/Foto_Nargiza_Reimbaeva-150x150.jpg 150w, https:\/\/www.trbo.com\/wp-content\/uploads\/2023\/12\/Foto_Nargiza_Reimbaeva-768x768.jpg 768w, https:\/\/www.trbo.com\/wp-content\/uploads\/2023\/12\/Foto_Nargiza_Reimbaeva-12x12.jpg 12w, https:\/\/www.trbo.com\/wp-content\/uploads\/2023\/12\/Foto_Nargiza_Reimbaeva-650x650.jpg 650w\" sizes=\"(max-width: 800px) 100vw, 800px\" \/>\t\t\t\t\t\t\t\t\t\t\t\t\t\t\t<\/div>\n\t\t\t\t<\/div>\n\t\t\t\t<\/div>\n\t\t<div class=\"elementor-element elementor-element-c57e033 e-con-full e-flex e-con e-child\" data-id=\"c57e033\" data-element_type=\"container\">\n\t\t\t\t<div class=\"elementor-element elementor-element-3295347 elementor-widget elementor-widget-text-editor\" data-id=\"3295347\" data-element_type=\"widget\" data-widget_type=\"text-editor.default\">\n\t\t\t\t<div class=\"elementor-widget-container\">\n\t\t\t\t\t\t\t\t\t<p><b style=\"color: inherit; font-family: var( --e-global-typography-b861d94-font-family ), Sans-serif; font-size: var( --e-global-typography-b861d94-font-size ); letter-spacing: var( --e-global-typography-b861d94-letter-spacing ); word-spacing: var( --e-global-typography-b861d94-word-spacing ); text-align: var(--text-align); background-color: var( --e-global-color-2f07778 );\">Nargiza Reimbaeva<br \/><\/b><span style=\"color: inherit; font-family: var( --e-global-typography-b861d94-font-family ), Sans-serif; font-size: var( --e-global-typography-b861d94-font-size ); font-weight: var( --e-global-typography-b861d94-font-weight ); letter-spacing: var( --e-global-typography-b861d94-letter-spacing ); word-spacing: var( --e-global-typography-b861d94-word-spacing ); text-align: var(--text-align); background-color: var( --e-global-color-2f07778 );\">Team Lead Client Success\u00a0<\/span><\/p>\n<p>Wir freuen uns, euch unseren erfahrenen Speaker f\u00fcr das bevorstehende Webinar vorzustellen.\u00a0<\/p>\n<p class=\"p1\">Nargiza Reimbaeva ist Team Lead Client Success bei trbo. Als Spezialistin f\u00fcr die Anreicherung von Kundendaten ber\u00e4t Nargiza trbo Nutzer, wie sie die von trbo gesammelten Daten am besten f\u00fcr personalisierte User Experiences nutzen k\u00f6nnen.<\/p>\n<p class=\"p1\">Nargiza arbeitet auch eng mit dem Marketing zusammen, entwirft ansprechende Newsletter und f\u00fchrt erfolgreich Webinare durch.\u00a0<\/p>\t\t\t\t\t\t\t\t<\/div>\n\t\t\t\t<\/div>\n\t\t\t\t<\/div>\n\t\t\t\t\t<\/div>\n\t\t\t\t<\/div>\n\t\t<div class=\"elementor-element elementor-element-20b156d e-flex e-con-boxed e-con e-parent\" data-id=\"20b156d\" data-element_type=\"container\">\n\t\t\t\t\t<div class=\"e-con-inner\">\n\t\t\t\t<div class=\"elementor-element elementor-element-494673a elementor-widget elementor-widget-spacer\" data-id=\"494673a\" data-element_type=\"widget\" data-widget_type=\"spacer.default\">\n\t\t\t\t<div class=\"elementor-widget-container\">\n\t\t\t\t\t\t\t<div class=\"elementor-spacer\">\n\t\t\t<div class=\"elementor-spacer-inner\"><\/div>\n\t\t<\/div>\n\t\t\t\t\t\t<\/div>\n\t\t\t\t<\/div>\n\t\t\t\t\t<\/div>\n\t\t\t\t<\/div>\n\t\t\t\t<\/div>","protected":false},"excerpt":{"rendered":"<p>Tage Stunden Minuten Wir freuen uns auf die mittlerweile 22. Ausgabe der Webinar-Reihe am 25. Januar 2024&nbsp;um 10:00 Uhr und laden dich dazu herzlich ein! Recap 2023 &amp; Jahres-Kick-Off 2024 mit Teamlead Nargiza Reimbaeva: Was ist mit trbo alles m\u00f6glich?&nbsp; Themen, die dich erwarten: Recap 2023: Wir werfen einen Blick zur\u00fcck auf die Highlights, Erfolge [&hellip;]<\/p>","protected":false},"author":41,"featured_media":26096,"parent":0,"menu_order":0,"comment_status":"closed","ping_status":"closed","template":"","meta":{"_acf_changed":false,"footnotes":""},"class_list":["post-26089","page","type-page","status-publish","has-post-thumbnail","hentry"],"acf":[],"yoast_head":"<!-- This site is optimized with the Yoast SEO plugin v24.3 - https:\/\/yoast.com\/wordpress\/plugins\/seo\/ -->\n<title>Digital Breakfast Bash Vol. 22 mit Nargiza Reimbaeva | trbo<\/title>\n<meta name=\"description\" content=\"Recap 2023 &amp; Jahres-Kick-Off 2024. Highlights, Erfolge und Best Practices aus 2023 und wie du deine Contentstrategie optimieren kannst.\" \/>\n<meta name=\"robots\" content=\"noindex, nofollow\" \/>\n<meta property=\"og:locale\" content=\"de_DE\" \/>\n<meta property=\"og:type\" content=\"article\" \/>\n<meta property=\"og:title\" content=\"Digital Breakfast Bash Vol. 22 mit Nargiza Reimbaeva | trbo\" \/>\n<meta property=\"og:description\" content=\"Recap 2023 &amp; Jahres-Kick-Off 2024. Highlights, Erfolge und Best Practices aus 2023 und wie du deine Contentstrategie optimieren kannst.\" \/>\n<meta property=\"og:url\" content=\"https:\/\/www.trbo.com\/de\/digital-breakfast-bash-vol-22-mit-nargiza-reimbaeva\/\" \/>\n<meta property=\"og:site_name\" content=\"trbo\" \/>\n<meta property=\"article:publisher\" content=\"https:\/\/www.facebook.com\/trbo.Deutschland\" \/>\n<meta property=\"article:modified_time\" content=\"2023-12-20T09:47:21+00:00\" \/>\n<meta property=\"og:image\" content=\"https:\/\/www.trbo.com\/wp-content\/uploads\/2023\/12\/DigitalBreakfast_Quadrat.jpg\" \/>\n\t<meta property=\"og:image:width\" content=\"1200\" \/>\n\t<meta property=\"og:image:height\" content=\"1200\" \/>\n\t<meta property=\"og:image:type\" content=\"image\/jpeg\" \/>\n<meta name=\"twitter:card\" content=\"summary_large_image\" \/>\n<meta name=\"twitter:site\" content=\"@trboDACH\" \/>\n<meta name=\"twitter:label1\" content=\"Gesch\u00e4tzte Lesezeit\" \/>\n\t<meta name=\"twitter:data1\" content=\"2 Minuten\" \/>\n<script type=\"application\/ld+json\" class=\"yoast-schema-graph\">{\"@context\":\"https:\/\/schema.org\",\"@graph\":[{\"@type\":\"WebPage\",\"@id\":\"https:\/\/www.trbo.com\/digital-breakfast-bash-vol-22-mit-nargiza-reimbaeva\/\",\"url\":\"https:\/\/www.trbo.com\/digital-breakfast-bash-vol-22-mit-nargiza-reimbaeva\/\",\"name\":\"Digital Breakfast Bash Vol. 22 mit Nargiza Reimbaeva | trbo\",\"isPartOf\":{\"@id\":\"https:\/\/www.trbo.com\/#website\"},\"primaryImageOfPage\":{\"@id\":\"https:\/\/www.trbo.com\/digital-breakfast-bash-vol-22-mit-nargiza-reimbaeva\/#primaryimage\"},\"image\":{\"@id\":\"https:\/\/www.trbo.com\/digital-breakfast-bash-vol-22-mit-nargiza-reimbaeva\/#primaryimage\"},\"thumbnailUrl\":\"https:\/\/www.trbo.com\/wp-content\/uploads\/2023\/12\/DigitalBreakfast_Quadrat.jpg\",\"datePublished\":\"2023-12-13T14:07:39+00:00\",\"dateModified\":\"2023-12-20T09:47:21+00:00\",\"description\":\"Recap 2023 & Jahres-Kick-Off 2024. Highlights, Erfolge und Best Practices aus 2023 und wie du deine Contentstrategie optimieren kannst.\",\"breadcrumb\":{\"@id\":\"https:\/\/www.trbo.com\/digital-breakfast-bash-vol-22-mit-nargiza-reimbaeva\/#breadcrumb\"},\"inLanguage\":\"de-DE\",\"potentialAction\":[{\"@type\":\"ReadAction\",\"target\":[\"https:\/\/www.trbo.com\/digital-breakfast-bash-vol-22-mit-nargiza-reimbaeva\/\"]}]},{\"@type\":\"ImageObject\",\"inLanguage\":\"de-DE\",\"@id\":\"https:\/\/www.trbo.com\/digital-breakfast-bash-vol-22-mit-nargiza-reimbaeva\/#primaryimage\",\"url\":\"https:\/\/www.trbo.com\/wp-content\/uploads\/2023\/12\/DigitalBreakfast_Quadrat.jpg\",\"contentUrl\":\"https:\/\/www.trbo.com\/wp-content\/uploads\/2023\/12\/DigitalBreakfast_Quadrat.jpg\",\"width\":1200,\"height\":1200},{\"@type\":\"BreadcrumbList\",\"@id\":\"https:\/\/www.trbo.com\/digital-breakfast-bash-vol-22-mit-nargiza-reimbaeva\/#breadcrumb\",\"itemListElement\":[{\"@type\":\"ListItem\",\"position\":1,\"name\":\"Home\",\"item\":\"https:\/\/www.trbo.com\/\"},{\"@type\":\"ListItem\",\"position\":2,\"name\":\"Digital Breakfast Bash Vol. 22 mit Nargiza Reimbaeva\"}]},{\"@type\":\"WebSite\",\"@id\":\"https:\/\/www.trbo.com\/#website\",\"url\":\"https:\/\/www.trbo.com\/\",\"name\":\"trbo GmbH\",\"description\":\"Website personalization made effortless\",\"publisher\":{\"@id\":\"https:\/\/www.trbo.com\/#organization\"},\"alternateName\":\"trbo\",\"potentialAction\":[{\"@type\":\"SearchAction\",\"target\":{\"@type\":\"EntryPoint\",\"urlTemplate\":\"https:\/\/www.trbo.com\/?s={search_term_string}\"},\"query-input\":{\"@type\":\"PropertyValueSpecification\",\"valueRequired\":true,\"valueName\":\"search_term_string\"}}],\"inLanguage\":\"de-DE\"},{\"@type\":\"Organization\",\"@id\":\"https:\/\/www.trbo.com\/#organization\",\"name\":\"trbo GmbH\",\"alternateName\":\"trbo\",\"url\":\"https:\/\/www.trbo.com\/\",\"logo\":{\"@type\":\"ImageObject\",\"inLanguage\":\"de-DE\",\"@id\":\"https:\/\/www.trbo.com\/#\/schema\/logo\/image\/\",\"url\":\"https:\/\/www.trbo.com\/wp-content\/uploads\/2023\/02\/trbo.svg\",\"contentUrl\":\"https:\/\/www.trbo.com\/wp-content\/uploads\/2023\/02\/trbo.svg\",\"width\":83,\"height\":34,\"caption\":\"trbo GmbH\"},\"image\":{\"@id\":\"https:\/\/www.trbo.com\/#\/schema\/logo\/image\/\"},\"sameAs\":[\"https:\/\/www.facebook.com\/trbo.Deutschland\",\"https:\/\/x.com\/trboDACH\",\"https:\/\/www.linkedin.com\/company\/trbo-com\/\"]}]}<\/script>\n<!-- \/ Yoast SEO plugin. -->","yoast_head_json":{"title":"Digital Breakfast Bash Vol. 22 mit Nargiza Reimbaeva | trbo","description":"Recap 2023 & Jahres-Kick-Off 2024. Highlights, Erfolge und Best Practices aus 2023 und wie du deine Contentstrategie optimieren kannst.","robots":{"index":"noindex","follow":"nofollow"},"og_locale":"de_DE","og_type":"article","og_title":"Digital Breakfast Bash Vol. 22 mit Nargiza Reimbaeva | trbo","og_description":"Recap 2023 & Jahres-Kick-Off 2024. Highlights, Erfolge und Best Practices aus 2023 und wie du deine Contentstrategie optimieren kannst.","og_url":"https:\/\/www.trbo.com\/de\/digital-breakfast-bash-vol-22-mit-nargiza-reimbaeva\/","og_site_name":"trbo","article_publisher":"https:\/\/www.facebook.com\/trbo.Deutschland","article_modified_time":"2023-12-20T09:47:21+00:00","og_image":[{"width":1200,"height":1200,"url":"https:\/\/www.trbo.com\/wp-content\/uploads\/2023\/12\/DigitalBreakfast_Quadrat.jpg","type":"image\/jpeg"}],"twitter_card":"summary_large_image","twitter_site":"@trboDACH","twitter_misc":{"Gesch\u00e4tzte Lesezeit":"2 Minuten"},"schema":{"@context":"https:\/\/schema.org","@graph":[{"@type":"WebPage","@id":"https:\/\/www.trbo.com\/digital-breakfast-bash-vol-22-mit-nargiza-reimbaeva\/","url":"https:\/\/www.trbo.com\/digital-breakfast-bash-vol-22-mit-nargiza-reimbaeva\/","name":"Digital Breakfast Bash Vol. 22 mit Nargiza Reimbaeva | trbo","isPartOf":{"@id":"https:\/\/www.trbo.com\/#website"},"primaryImageOfPage":{"@id":"https:\/\/www.trbo.com\/digital-breakfast-bash-vol-22-mit-nargiza-reimbaeva\/#primaryimage"},"image":{"@id":"https:\/\/www.trbo.com\/digital-breakfast-bash-vol-22-mit-nargiza-reimbaeva\/#primaryimage"},"thumbnailUrl":"https:\/\/www.trbo.com\/wp-content\/uploads\/2023\/12\/DigitalBreakfast_Quadrat.jpg","datePublished":"2023-12-13T14:07:39+00:00","dateModified":"2023-12-20T09:47:21+00:00","description":"Recap 2023 & Jahres-Kick-Off 2024. Highlights, Erfolge und Best Practices aus 2023 und wie du deine Contentstrategie optimieren kannst.","breadcrumb":{"@id":"https:\/\/www.trbo.com\/digital-breakfast-bash-vol-22-mit-nargiza-reimbaeva\/#breadcrumb"},"inLanguage":"de-DE","potentialAction":[{"@type":"ReadAction","target":["https:\/\/www.trbo.com\/digital-breakfast-bash-vol-22-mit-nargiza-reimbaeva\/"]}]},{"@type":"ImageObject","inLanguage":"de-DE","@id":"https:\/\/www.trbo.com\/digital-breakfast-bash-vol-22-mit-nargiza-reimbaeva\/#primaryimage","url":"https:\/\/www.trbo.com\/wp-content\/uploads\/2023\/12\/DigitalBreakfast_Quadrat.jpg","contentUrl":"https:\/\/www.trbo.com\/wp-content\/uploads\/2023\/12\/DigitalBreakfast_Quadrat.jpg","width":1200,"height":1200},{"@type":"BreadcrumbList","@id":"https:\/\/www.trbo.com\/digital-breakfast-bash-vol-22-mit-nargiza-reimbaeva\/#breadcrumb","itemListElement":[{"@type":"ListItem","position":1,"name":"Home","item":"https:\/\/www.trbo.com\/"},{"@type":"ListItem","position":2,"name":"Digital Breakfast Bash Vol. 22 mit Nargiza Reimbaeva"}]},{"@type":"WebSite","@id":"https:\/\/www.trbo.com\/#website","url":"https:\/\/www.trbo.com\/","name":"trbo GmbH","description":"Website Personalisierung einfach gemacht","publisher":{"@id":"https:\/\/www.trbo.com\/#organization"},"alternateName":"trbo","potentialAction":[{"@type":"SearchAction","target":{"@type":"EntryPoint","urlTemplate":"https:\/\/www.trbo.com\/?s={search_term_string}"},"query-input":{"@type":"PropertyValueSpecification","valueRequired":true,"valueName":"search_term_string"}}],"inLanguage":"de-DE"},{"@type":"Organization","@id":"https:\/\/www.trbo.com\/#organization","name":"trbo GmbH","alternateName":"trbo","url":"https:\/\/www.trbo.com\/","logo":{"@type":"ImageObject","inLanguage":"de-DE","@id":"https:\/\/www.trbo.com\/#\/schema\/logo\/image\/","url":"https:\/\/www.trbo.com\/wp-content\/uploads\/2023\/02\/trbo.svg","contentUrl":"https:\/\/www.trbo.com\/wp-content\/uploads\/2023\/02\/trbo.svg","width":83,"height":34,"caption":"trbo GmbH"},"image":{"@id":"https:\/\/www.trbo.com\/#\/schema\/logo\/image\/"},"sameAs":["https:\/\/www.facebook.com\/trbo.Deutschland","https:\/\/x.com\/trboDACH","https:\/\/www.linkedin.com\/company\/trbo-com\/"]}]}},"_links":{"self":[{"href":"https:\/\/www.trbo.com\/de\/wp-json\/wp\/v2\/pages\/26089","targetHints":{"allow":["GET"]}}],"collection":[{"href":"https:\/\/www.trbo.com\/de\/wp-json\/wp\/v2\/pages"}],"about":[{"href":"https:\/\/www.trbo.com\/de\/wp-json\/wp\/v2\/types\/page"}],"author":[{"embeddable":true,"href":"https:\/\/www.trbo.com\/de\/wp-json\/wp\/v2\/users\/41"}],"replies":[{"embeddable":true,"href":"https:\/\/www.trbo.com\/de\/wp-json\/wp\/v2\/comments?post=26089"}],"version-history":[{"count":0,"href":"https:\/\/www.trbo.com\/de\/wp-json\/wp\/v2\/pages\/26089\/revisions"}],"wp:featuredmedia":[{"embeddable":true,"href":"https:\/\/www.trbo.com\/de\/wp-json\/wp\/v2\/media\/26096"}],"wp:attachment":[{"href":"https:\/\/www.trbo.com\/de\/wp-json\/wp\/v2\/media?parent=26089"}],"curies":[{"name":"wp","href":"https:\/\/api.w.org\/{rel}","templated":true}]}}