{"id":25397,"date":"2023-08-17T08:27:25","date_gmt":"2023-08-17T06:27:25","guid":{"rendered":"https:\/\/www.trbo.com\/?page_id=25397"},"modified":"2023-08-23T15:36:04","modified_gmt":"2023-08-23T13:36:04","slug":"digital-breakfast-bash-vol-21-mit-alejandro-guizar","status":"publish","type":"page","link":"https:\/\/www.trbo.com\/de\/digital-breakfast-bash-vol-21-mit-alejandro-guizar\/","title":{"rendered":"Digital Breakfast Bash Vol. 21 mit Alejandro Guizar"},"content":{"rendered":"<div data-elementor-type=\"wp-page\" data-elementor-id=\"25397\" class=\"elementor elementor-25397\" data-elementor-post-type=\"page\">\n\t\t\t\t<div class=\"elementor-element elementor-element-7371680 e-flex e-con-boxed e-con e-parent\" data-id=\"7371680\" data-element_type=\"container\">\n\t\t\t\t\t<div class=\"e-con-inner\">\n\t\t\t\t<div class=\"elementor-element elementor-element-6b6504b elementor-widget elementor-widget-image\" data-id=\"6b6504b\" data-element_type=\"widget\" data-widget_type=\"image.default\">\n\t\t\t\t<div class=\"elementor-widget-container\">\n\t\t\t\t\t\t\t\t\t\t\t\t\t\t\t<img fetchpriority=\"high\" decoding=\"async\" width=\"1200\" height=\"333\" src=\"https:\/\/www.trbo.com\/wp-content\/uploads\/2023\/08\/DigitalBreakfast_Header_1200x333Px.jpg\" class=\"attachment-2048x2048 size-2048x2048 wp-image-25399\" alt=\"Digital Breakfast Bash Vol. 21\" srcset=\"https:\/\/www.trbo.com\/wp-content\/uploads\/2023\/08\/DigitalBreakfast_Header_1200x333Px.jpg 1200w, https:\/\/www.trbo.com\/wp-content\/uploads\/2023\/08\/DigitalBreakfast_Header_1200x333Px-300x83.jpg 300w, https:\/\/www.trbo.com\/wp-content\/uploads\/2023\/08\/DigitalBreakfast_Header_1200x333Px-1024x284.jpg 1024w, https:\/\/www.trbo.com\/wp-content\/uploads\/2023\/08\/DigitalBreakfast_Header_1200x333Px-768x213.jpg 768w, https:\/\/www.trbo.com\/wp-content\/uploads\/2023\/08\/DigitalBreakfast_Header_1200x333Px-18x5.jpg 18w\" sizes=\"(max-width: 1200px) 100vw, 1200px\" \/>\t\t\t\t\t\t\t\t\t\t\t\t\t\t\t<\/div>\n\t\t\t\t<\/div>\n\t\t\t\t\t<\/div>\n\t\t\t\t<\/div>\n\t\t<div class=\"elementor-element elementor-element-0d3ca9e e-flex e-con-boxed e-con e-parent\" data-id=\"0d3ca9e\" data-element_type=\"container\">\n\t\t\t\t\t<div class=\"e-con-inner\">\n\t\t\t\t<div class=\"elementor-element elementor-element-18bfb17 elementor-widget elementor-widget-spacer\" data-id=\"18bfb17\" data-element_type=\"widget\" data-widget_type=\"spacer.default\">\n\t\t\t\t<div class=\"elementor-widget-container\">\n\t\t\t\t\t\t\t<div class=\"elementor-spacer\">\n\t\t\t<div class=\"elementor-spacer-inner\"><\/div>\n\t\t<\/div>\n\t\t\t\t\t\t<\/div>\n\t\t\t\t<\/div>\n\t\t\t\t<div class=\"elementor-element elementor-element-b230600 elementor-countdown--label-block elementor-widget elementor-widget-countdown\" data-id=\"b230600\" data-element_type=\"widget\" data-widget_type=\"countdown.default\">\n\t\t\t\t<div class=\"elementor-widget-container\">\n\t\t\t\t\t\t\t<div data-expire-actions=\"[{&quot;type&quot;:&quot;hide&quot;}]\" class=\"elementor-countdown-wrapper\" data-date=\"1694592000\">\n\t\t\t<div class=\"elementor-countdown-item\"><span class=\"elementor-countdown-digits elementor-countdown-days\"><\/span> <span class=\"elementor-countdown-label\">Tage<\/span><\/div><div class=\"elementor-countdown-item\"><span class=\"elementor-countdown-digits elementor-countdown-hours\"><\/span> <span class=\"elementor-countdown-label\">Stunden<\/span><\/div><div class=\"elementor-countdown-item\"><span class=\"elementor-countdown-digits elementor-countdown-minutes\"><\/span> <span class=\"elementor-countdown-label\">Minuten<\/span><\/div>\t\t<\/div>\n\t\t\t\t\t\t<\/div>\n\t\t\t\t<\/div>\n\t\t\t\t<div class=\"elementor-element elementor-element-99e3419 elementor-widget elementor-widget-spacer\" data-id=\"99e3419\" data-element_type=\"widget\" data-widget_type=\"spacer.default\">\n\t\t\t\t<div class=\"elementor-widget-container\">\n\t\t\t\t\t\t\t<div class=\"elementor-spacer\">\n\t\t\t<div class=\"elementor-spacer-inner\"><\/div>\n\t\t<\/div>\n\t\t\t\t\t\t<\/div>\n\t\t\t\t<\/div>\n\t\t\t\t\t<\/div>\n\t\t\t\t<\/div>\n\t\t\t\t<section class=\"elementor-section elementor-top-section elementor-element elementor-element-5b977ded elementor-section-boxed elementor-section-height-default elementor-section-height-default\" data-id=\"5b977ded\" data-element_type=\"section\">\n\t\t\t\t\t\t<div class=\"elementor-container elementor-column-gap-default\">\n\t\t\t\t\t<div class=\"elementor-column elementor-col-100 elementor-top-column elementor-element elementor-element-7c16c0b7\" data-id=\"7c16c0b7\" data-element_type=\"column\">\n\t\t\t<div class=\"elementor-widget-wrap elementor-element-populated\">\n\t\t\t\t\t\t<div class=\"elementor-element elementor-element-4eb3c972 elementor-widget elementor-widget-text-editor\" data-id=\"4eb3c972\" data-element_type=\"widget\" data-widget_type=\"text-editor.default\">\n\t\t\t\t<div class=\"elementor-widget-container\">\n\t\t\t\t\t\t\t\t\t<p><\/p>\n<p>Wir freuen uns auf die mittlerweile 21. Ausgabe der Webinar-Reihe am <strong>13. September<\/strong>\u00a0um <strong>10:00 Uhr<\/strong> und laden euch dazu herzlich ein!<\/p>\n<p><\/p>\n<h3 class=\"wp-block-heading\"><strong><span style=\"font-weight: 400;\"><strong>Boostet euren<\/strong> <\/span> Online-Shop-Erfolg mit Trigger-Mails und Newsletter Empfehlungen!<\/strong><\/h3>\n<p><\/p>\n<p><span style=\"font-weight: 400;\">In diesem Webinar teilt unser erfahrener <strong>Senior Client Success Manager<\/strong> <strong>Alejandro Guizar,<\/strong> Insiderwissen \u00fcber besonders vielversprechende <strong>Aktivierungs-Mails<\/strong> und <strong>Newsletter Recommendations.<\/strong> Und ihr erfahrt, wie ihr diese in eurem Online-Shop erfolgreich einsetzen k\u00f6nnt.<\/span><\/p>\n<p><\/p>\n<ul class=\"wp-block-list\">\n<li style=\"list-style-type: none;\">\n<ul><\/ul>\n<\/li>\n<\/ul>\n<p><span style=\"font-weight: 400;\">Entdeckt die kraftvolle Wirkung von Trigger-Mails im E-Mail-Marketing und wie sie signifikant zur Steigerung eurer Klickrate beitragen k\u00f6nnen. Diese gezielten E-Mails er\u00f6ffnen die Chance, direkt auf das Verhalten eurer Online-Shopper einzugehen und sie f\u00fcr besondere Angebote oder Aktionen zu begeistern.<\/span><span style=\"font-weight: 400;\"><br \/><br \/><\/span><\/p>\n<p><span style=\"font-weight: 400;\">In Verbindung mit diesem Ansatz wird durch die Verwendung von Recommendations Engines ein weiterer entscheidender Schritt erm\u00f6glicht: Es werden in Echtzeit im Newsletter integrierte individuelle Produktempfehlungen erstellt, wodurch personalisierte Verkaufsprozesse an s\u00e4mtlichen Touchpoints verwirklicht werden.<\/span><\/p>\n<p><\/p>\n<p><strong>Meldet euch jetzt an und boostet euren Onlien-Shop-Erfolg!<\/strong><\/p>\n<p><\/p>\n<p><\/p>\t\t\t\t\t\t\t\t<\/div>\n\t\t\t\t<\/div>\n\t\t\t\t<div class=\"elementor-element elementor-element-d9db7b2 elementor-widget elementor-widget-spacer\" data-id=\"d9db7b2\" data-element_type=\"widget\" data-widget_type=\"spacer.default\">\n\t\t\t\t<div class=\"elementor-widget-container\">\n\t\t\t\t\t\t\t<div class=\"elementor-spacer\">\n\t\t\t<div class=\"elementor-spacer-inner\"><\/div>\n\t\t<\/div>\n\t\t\t\t\t\t<\/div>\n\t\t\t\t<\/div>\n\t\t\t\t\t<\/div>\n\t\t<\/div>\n\t\t\t\t\t<\/div>\n\t\t<\/section>\n\t\t<div class=\"elementor-element elementor-element-df66e35 e-flex e-con-boxed e-con e-parent\" data-id=\"df66e35\" data-element_type=\"container\">\n\t\t\t\t\t<div class=\"e-con-inner\">\n\t\t\t\t<div class=\"elementor-element elementor-element-8c4c5ee elementor-align-center elementor-widget elementor-widget-button\" data-id=\"8c4c5ee\" data-element_type=\"widget\" data-widget_type=\"button.default\">\n\t\t\t\t<div class=\"elementor-widget-container\">\n\t\t\t\t\t\t\t\t\t<div class=\"elementor-button-wrapper\">\n\t\t\t\t\t<a class=\"elementor-button elementor-button-link elementor-size-sm\" href=\"https:\/\/us02web.zoom.us\/webinar\/register\/WN_mUBF-4dqR56t85dMllekog\" target=\"_blank\">\n\t\t\t\t\t\t<span class=\"elementor-button-content-wrapper\">\n\t\t\t\t\t\t\t\t\t<span class=\"elementor-button-text\">Zur Anmeldung<\/span>\n\t\t\t\t\t<\/span>\n\t\t\t\t\t<\/a>\n\t\t\t\t<\/div>\n\t\t\t\t\t\t\t\t<\/div>\n\t\t\t\t<\/div>\n\t\t\t\t\t<\/div>\n\t\t\t\t<\/div>\n\t\t<div class=\"elementor-element elementor-element-cf06550 e-flex e-con-boxed e-con e-parent\" data-id=\"cf06550\" data-element_type=\"container\">\n\t\t\t\t\t<div class=\"e-con-inner\">\n\t\t\t\t<div class=\"elementor-element elementor-element-9d4c7ca elementor-widget elementor-widget-spacer\" data-id=\"9d4c7ca\" data-element_type=\"widget\" data-widget_type=\"spacer.default\">\n\t\t\t\t<div class=\"elementor-widget-container\">\n\t\t\t\t\t\t\t<div class=\"elementor-spacer\">\n\t\t\t<div class=\"elementor-spacer-inner\"><\/div>\n\t\t<\/div>\n\t\t\t\t\t\t<\/div>\n\t\t\t\t<\/div>\n\t\t\t\t\t<\/div>\n\t\t\t\t<\/div>\n\t\t<div class=\"elementor-element elementor-element-b49fad9 e-flex e-con-boxed e-con e-parent\" data-id=\"b49fad9\" data-element_type=\"container\">\n\t\t\t\t\t<div class=\"e-con-inner\">\n\t\t<div class=\"elementor-element elementor-element-efd33de e-con-full e-flex e-con e-parent\" data-id=\"efd33de\" data-element_type=\"container\">\n\t\t\t\t<div class=\"elementor-element elementor-element-c669abc elementor-widget elementor-widget-image\" data-id=\"c669abc\" data-element_type=\"widget\" data-widget_type=\"image.default\">\n\t\t\t\t<div class=\"elementor-widget-container\">\n\t\t\t\t\t\t\t\t\t\t\t\t\t\t\t<img decoding=\"async\" width=\"448\" height=\"448\" src=\"https:\/\/www.trbo.com\/wp-content\/uploads\/2023\/08\/Alejandro-.jpeg\" class=\"attachment-large size-large wp-image-25401\" alt=\"Alejandro Guizar\" srcset=\"https:\/\/www.trbo.com\/wp-content\/uploads\/2023\/08\/Alejandro-.jpeg 448w, https:\/\/www.trbo.com\/wp-content\/uploads\/2023\/08\/Alejandro--300x300.jpeg 300w, https:\/\/www.trbo.com\/wp-content\/uploads\/2023\/08\/Alejandro--150x150.jpeg 150w, https:\/\/www.trbo.com\/wp-content\/uploads\/2023\/08\/Alejandro--12x12.jpeg 12w\" sizes=\"(max-width: 448px) 100vw, 448px\" \/>\t\t\t\t\t\t\t\t\t\t\t\t\t\t\t<\/div>\n\t\t\t\t<\/div>\n\t\t\t\t<\/div>\n\t\t<div class=\"elementor-element elementor-element-c57e033 e-con-full e-flex e-con e-parent\" data-id=\"c57e033\" data-element_type=\"container\">\n\t\t\t\t<div class=\"elementor-element elementor-element-3295347 elementor-widget elementor-widget-text-editor\" data-id=\"3295347\" data-element_type=\"widget\" data-widget_type=\"text-editor.default\">\n\t\t\t\t<div class=\"elementor-widget-container\">\n\t\t\t\t\t\t\t\t\t<p><b style=\"color: inherit; font-family: var( --e-global-typography-b861d94-font-family ), Sans-serif; font-size: var( --e-global-typography-b861d94-font-size ); letter-spacing: var( --e-global-typography-b861d94-letter-spacing ); word-spacing: var( --e-global-typography-b861d94-word-spacing ); text-align: var(--text-align); background-color: var( --e-global-color-2f07778 );\">Alejandro Guizar <br \/><\/b><span style=\"color: inherit; font-family: var( --e-global-typography-b861d94-font-family ), Sans-serif; font-size: var( --e-global-typography-b861d94-font-size ); font-weight: var( --e-global-typography-b861d94-font-weight ); letter-spacing: var( --e-global-typography-b861d94-letter-spacing ); word-spacing: var( --e-global-typography-b861d94-word-spacing ); text-align: var(--text-align); background-color: var( --e-global-color-2f07778 );\">Senior Client Success Manager<\/span><\/p>\n<p>Wir freuen uns, euch unseren erfahrenen Speaker f\u00fcr das bevorstehende Webinar vorzustellen.\u00a0<\/p>\n<p>Alejandro Guizar, unser Senior Customer Success Manager, bringt eine beeindruckende Expertise und langj\u00e4hrige Erfahrung im Bereich der Online-Marketing-Analyse mit sich.<\/p>\n<p>Als Spezialist rund um die Themen Newsletter, Recommendations und E-Mail Trigger teilt er in unserem Digital Breakfast Bash Vol. 21 wertvolle Einblicke und gibt euch praktische Ratschl\u00e4ge.<\/p>\t\t\t\t\t\t\t\t<\/div>\n\t\t\t\t<\/div>\n\t\t\t\t<\/div>\n\t\t\t\t\t<\/div>\n\t\t\t\t<\/div>\n\t\t<div class=\"elementor-element elementor-element-20b156d e-flex e-con-boxed e-con e-parent\" data-id=\"20b156d\" data-element_type=\"container\">\n\t\t\t\t\t<div class=\"e-con-inner\">\n\t\t\t\t<div class=\"elementor-element elementor-element-494673a elementor-widget elementor-widget-spacer\" data-id=\"494673a\" data-element_type=\"widget\" data-widget_type=\"spacer.default\">\n\t\t\t\t<div class=\"elementor-widget-container\">\n\t\t\t\t\t\t\t<div class=\"elementor-spacer\">\n\t\t\t<div class=\"elementor-spacer-inner\"><\/div>\n\t\t<\/div>\n\t\t\t\t\t\t<\/div>\n\t\t\t\t<\/div>\n\t\t\t\t\t<\/div>\n\t\t\t\t<\/div>\n\t\t\t\t<\/div>","protected":false},"excerpt":{"rendered":"<p>Tage Stunden Minuten Wir freuen uns auf die mittlerweile 21. Ausgabe der Webinar-Reihe am 13. September\u00a0um 10:00 Uhr und laden euch dazu herzlich ein! Boostet euren Online-Shop-Erfolg mit Trigger-Mails und Newsletter Empfehlungen! In diesem Webinar teilt unser erfahrener Senior Client Success Manager Alejandro Guizar, Insiderwissen \u00fcber besonders vielversprechende Aktivierungs-Mails und Newsletter Recommendations. Und ihr erfahrt, [&hellip;]<\/p>","protected":false},"author":41,"featured_media":25399,"parent":0,"menu_order":0,"comment_status":"closed","ping_status":"closed","template":"","meta":{"_acf_changed":false,"footnotes":""},"class_list":["post-25397","page","type-page","status-publish","has-post-thumbnail","hentry"],"acf":[],"yoast_head":"<!-- This site is optimized with the Yoast SEO plugin v24.3 - https:\/\/yoast.com\/wordpress\/plugins\/seo\/ -->\n<title>Digital Breakfast Bash Vol. 21 mit Alejandro Guizar | trbo<\/title>\n<meta name=\"description\" content=\"Boostet euren Online-Shop-Erfolg mit Trigger-Mails und Newsletter Empfehlungen! \u2705 Recommendations \u2705 Klickrate \u2705 trbo-Tool\" \/>\n<meta name=\"robots\" content=\"noindex, nofollow\" \/>\n<meta property=\"og:locale\" content=\"de_DE\" \/>\n<meta property=\"og:type\" content=\"article\" \/>\n<meta property=\"og:title\" content=\"Digital Breakfast Bash Vol. 21 mit Alejandro Guizar | trbo\" \/>\n<meta property=\"og:description\" content=\"Boostet euren Online-Shop-Erfolg mit Trigger-Mails und Newsletter Empfehlungen! \u2705 Recommendations \u2705 Klickrate \u2705 trbo-Tool\" \/>\n<meta property=\"og:url\" content=\"https:\/\/www.trbo.com\/de\/digital-breakfast-bash-vol-21-mit-alejandro-guizar\/\" \/>\n<meta property=\"og:site_name\" content=\"trbo\" \/>\n<meta property=\"article:publisher\" content=\"https:\/\/www.facebook.com\/trbo.Deutschland\" \/>\n<meta property=\"article:modified_time\" content=\"2023-08-23T13:36:04+00:00\" \/>\n<meta property=\"og:image\" content=\"https:\/\/www.trbo.com\/wp-content\/uploads\/2023\/08\/DigitalBreakfast_Header_1200x333Px.jpg\" \/>\n\t<meta property=\"og:image:width\" content=\"1200\" \/>\n\t<meta property=\"og:image:height\" content=\"333\" \/>\n\t<meta property=\"og:image:type\" content=\"image\/jpeg\" \/>\n<meta name=\"twitter:card\" content=\"summary_large_image\" \/>\n<meta name=\"twitter:site\" content=\"@trboDACH\" \/>\n<meta name=\"twitter:label1\" content=\"Gesch\u00e4tzte Lesezeit\" \/>\n\t<meta name=\"twitter:data1\" content=\"2 Minuten\" \/>\n<script type=\"application\/ld+json\" class=\"yoast-schema-graph\">{\"@context\":\"https:\/\/schema.org\",\"@graph\":[{\"@type\":\"WebPage\",\"@id\":\"https:\/\/www.trbo.com\/digital-breakfast-bash-vol-21-mit-alejandro-guizar\/\",\"url\":\"https:\/\/www.trbo.com\/digital-breakfast-bash-vol-21-mit-alejandro-guizar\/\",\"name\":\"Digital Breakfast Bash Vol. 21 mit Alejandro Guizar | trbo\",\"isPartOf\":{\"@id\":\"https:\/\/www.trbo.com\/#website\"},\"primaryImageOfPage\":{\"@id\":\"https:\/\/www.trbo.com\/digital-breakfast-bash-vol-21-mit-alejandro-guizar\/#primaryimage\"},\"image\":{\"@id\":\"https:\/\/www.trbo.com\/digital-breakfast-bash-vol-21-mit-alejandro-guizar\/#primaryimage\"},\"thumbnailUrl\":\"https:\/\/www.trbo.com\/wp-content\/uploads\/2023\/08\/DigitalBreakfast_Header_1200x333Px.jpg\",\"datePublished\":\"2023-08-17T06:27:25+00:00\",\"dateModified\":\"2023-08-23T13:36:04+00:00\",\"description\":\"Boostet euren Online-Shop-Erfolg mit Trigger-Mails und Newsletter Empfehlungen! \u2705 Recommendations \u2705 Klickrate \u2705 trbo-Tool\",\"breadcrumb\":{\"@id\":\"https:\/\/www.trbo.com\/digital-breakfast-bash-vol-21-mit-alejandro-guizar\/#breadcrumb\"},\"inLanguage\":\"de-DE\",\"potentialAction\":[{\"@type\":\"ReadAction\",\"target\":[\"https:\/\/www.trbo.com\/digital-breakfast-bash-vol-21-mit-alejandro-guizar\/\"]}]},{\"@type\":\"ImageObject\",\"inLanguage\":\"de-DE\",\"@id\":\"https:\/\/www.trbo.com\/digital-breakfast-bash-vol-21-mit-alejandro-guizar\/#primaryimage\",\"url\":\"https:\/\/www.trbo.com\/wp-content\/uploads\/2023\/08\/DigitalBreakfast_Header_1200x333Px.jpg\",\"contentUrl\":\"https:\/\/www.trbo.com\/wp-content\/uploads\/2023\/08\/DigitalBreakfast_Header_1200x333Px.jpg\",\"width\":1200,\"height\":333,\"caption\":\"Digital Breakfast Bash Vol. 21\"},{\"@type\":\"BreadcrumbList\",\"@id\":\"https:\/\/www.trbo.com\/digital-breakfast-bash-vol-21-mit-alejandro-guizar\/#breadcrumb\",\"itemListElement\":[{\"@type\":\"ListItem\",\"position\":1,\"name\":\"Home\",\"item\":\"https:\/\/www.trbo.com\/\"},{\"@type\":\"ListItem\",\"position\":2,\"name\":\"Digital Breakfast Bash Vol. 21 mit Alejandro Guizar\"}]},{\"@type\":\"WebSite\",\"@id\":\"https:\/\/www.trbo.com\/#website\",\"url\":\"https:\/\/www.trbo.com\/\",\"name\":\"trbo GmbH\",\"description\":\"Website personalization made effortless\",\"publisher\":{\"@id\":\"https:\/\/www.trbo.com\/#organization\"},\"alternateName\":\"trbo\",\"potentialAction\":[{\"@type\":\"SearchAction\",\"target\":{\"@type\":\"EntryPoint\",\"urlTemplate\":\"https:\/\/www.trbo.com\/?s={search_term_string}\"},\"query-input\":{\"@type\":\"PropertyValueSpecification\",\"valueRequired\":true,\"valueName\":\"search_term_string\"}}],\"inLanguage\":\"de-DE\"},{\"@type\":\"Organization\",\"@id\":\"https:\/\/www.trbo.com\/#organization\",\"name\":\"trbo GmbH\",\"alternateName\":\"trbo\",\"url\":\"https:\/\/www.trbo.com\/\",\"logo\":{\"@type\":\"ImageObject\",\"inLanguage\":\"de-DE\",\"@id\":\"https:\/\/www.trbo.com\/#\/schema\/logo\/image\/\",\"url\":\"https:\/\/www.trbo.com\/wp-content\/uploads\/2023\/02\/trbo.svg\",\"contentUrl\":\"https:\/\/www.trbo.com\/wp-content\/uploads\/2023\/02\/trbo.svg\",\"width\":83,\"height\":34,\"caption\":\"trbo GmbH\"},\"image\":{\"@id\":\"https:\/\/www.trbo.com\/#\/schema\/logo\/image\/\"},\"sameAs\":[\"https:\/\/www.facebook.com\/trbo.Deutschland\",\"https:\/\/x.com\/trboDACH\",\"https:\/\/www.linkedin.com\/company\/trbo-com\/\"]}]}<\/script>\n<!-- \/ Yoast SEO plugin. -->","yoast_head_json":{"title":"Digital Breakfast Bash Vol. 21 mit Alejandro Guizar | trbo","description":"Boostet euren Online-Shop-Erfolg mit Trigger-Mails und Newsletter Empfehlungen! \u2705 Recommendations \u2705 Klickrate \u2705 trbo-Tool","robots":{"index":"noindex","follow":"nofollow"},"og_locale":"de_DE","og_type":"article","og_title":"Digital Breakfast Bash Vol. 21 mit Alejandro Guizar | trbo","og_description":"Boostet euren Online-Shop-Erfolg mit Trigger-Mails und Newsletter Empfehlungen! \u2705 Recommendations \u2705 Klickrate \u2705 trbo-Tool","og_url":"https:\/\/www.trbo.com\/de\/digital-breakfast-bash-vol-21-mit-alejandro-guizar\/","og_site_name":"trbo","article_publisher":"https:\/\/www.facebook.com\/trbo.Deutschland","article_modified_time":"2023-08-23T13:36:04+00:00","og_image":[{"width":1200,"height":333,"url":"https:\/\/www.trbo.com\/wp-content\/uploads\/2023\/08\/DigitalBreakfast_Header_1200x333Px.jpg","type":"image\/jpeg"}],"twitter_card":"summary_large_image","twitter_site":"@trboDACH","twitter_misc":{"Gesch\u00e4tzte Lesezeit":"2 Minuten"},"schema":{"@context":"https:\/\/schema.org","@graph":[{"@type":"WebPage","@id":"https:\/\/www.trbo.com\/digital-breakfast-bash-vol-21-mit-alejandro-guizar\/","url":"https:\/\/www.trbo.com\/digital-breakfast-bash-vol-21-mit-alejandro-guizar\/","name":"Digital Breakfast Bash Vol. 21 mit Alejandro Guizar | trbo","isPartOf":{"@id":"https:\/\/www.trbo.com\/#website"},"primaryImageOfPage":{"@id":"https:\/\/www.trbo.com\/digital-breakfast-bash-vol-21-mit-alejandro-guizar\/#primaryimage"},"image":{"@id":"https:\/\/www.trbo.com\/digital-breakfast-bash-vol-21-mit-alejandro-guizar\/#primaryimage"},"thumbnailUrl":"https:\/\/www.trbo.com\/wp-content\/uploads\/2023\/08\/DigitalBreakfast_Header_1200x333Px.jpg","datePublished":"2023-08-17T06:27:25+00:00","dateModified":"2023-08-23T13:36:04+00:00","description":"Boostet euren Online-Shop-Erfolg mit Trigger-Mails und Newsletter Empfehlungen! \u2705 Recommendations \u2705 Klickrate \u2705 trbo-Tool","breadcrumb":{"@id":"https:\/\/www.trbo.com\/digital-breakfast-bash-vol-21-mit-alejandro-guizar\/#breadcrumb"},"inLanguage":"de-DE","potentialAction":[{"@type":"ReadAction","target":["https:\/\/www.trbo.com\/digital-breakfast-bash-vol-21-mit-alejandro-guizar\/"]}]},{"@type":"ImageObject","inLanguage":"de-DE","@id":"https:\/\/www.trbo.com\/digital-breakfast-bash-vol-21-mit-alejandro-guizar\/#primaryimage","url":"https:\/\/www.trbo.com\/wp-content\/uploads\/2023\/08\/DigitalBreakfast_Header_1200x333Px.jpg","contentUrl":"https:\/\/www.trbo.com\/wp-content\/uploads\/2023\/08\/DigitalBreakfast_Header_1200x333Px.jpg","width":1200,"height":333,"caption":"Digital Breakfast Bash Vol. 21"},{"@type":"BreadcrumbList","@id":"https:\/\/www.trbo.com\/digital-breakfast-bash-vol-21-mit-alejandro-guizar\/#breadcrumb","itemListElement":[{"@type":"ListItem","position":1,"name":"Home","item":"https:\/\/www.trbo.com\/"},{"@type":"ListItem","position":2,"name":"Digital Breakfast Bash Vol. 21 mit Alejandro Guizar"}]},{"@type":"WebSite","@id":"https:\/\/www.trbo.com\/#website","url":"https:\/\/www.trbo.com\/","name":"trbo GmbH","description":"Website Personalisierung einfach gemacht","publisher":{"@id":"https:\/\/www.trbo.com\/#organization"},"alternateName":"trbo","potentialAction":[{"@type":"SearchAction","target":{"@type":"EntryPoint","urlTemplate":"https:\/\/www.trbo.com\/?s={search_term_string}"},"query-input":{"@type":"PropertyValueSpecification","valueRequired":true,"valueName":"search_term_string"}}],"inLanguage":"de-DE"},{"@type":"Organization","@id":"https:\/\/www.trbo.com\/#organization","name":"trbo GmbH","alternateName":"trbo","url":"https:\/\/www.trbo.com\/","logo":{"@type":"ImageObject","inLanguage":"de-DE","@id":"https:\/\/www.trbo.com\/#\/schema\/logo\/image\/","url":"https:\/\/www.trbo.com\/wp-content\/uploads\/2023\/02\/trbo.svg","contentUrl":"https:\/\/www.trbo.com\/wp-content\/uploads\/2023\/02\/trbo.svg","width":83,"height":34,"caption":"trbo GmbH"},"image":{"@id":"https:\/\/www.trbo.com\/#\/schema\/logo\/image\/"},"sameAs":["https:\/\/www.facebook.com\/trbo.Deutschland","https:\/\/x.com\/trboDACH","https:\/\/www.linkedin.com\/company\/trbo-com\/"]}]}},"_links":{"self":[{"href":"https:\/\/www.trbo.com\/de\/wp-json\/wp\/v2\/pages\/25397","targetHints":{"allow":["GET"]}}],"collection":[{"href":"https:\/\/www.trbo.com\/de\/wp-json\/wp\/v2\/pages"}],"about":[{"href":"https:\/\/www.trbo.com\/de\/wp-json\/wp\/v2\/types\/page"}],"author":[{"embeddable":true,"href":"https:\/\/www.trbo.com\/de\/wp-json\/wp\/v2\/users\/41"}],"replies":[{"embeddable":true,"href":"https:\/\/www.trbo.com\/de\/wp-json\/wp\/v2\/comments?post=25397"}],"version-history":[{"count":0,"href":"https:\/\/www.trbo.com\/de\/wp-json\/wp\/v2\/pages\/25397\/revisions"}],"wp:featuredmedia":[{"embeddable":true,"href":"https:\/\/www.trbo.com\/de\/wp-json\/wp\/v2\/media\/25399"}],"wp:attachment":[{"href":"https:\/\/www.trbo.com\/de\/wp-json\/wp\/v2\/media?parent=25397"}],"curies":[{"name":"wp","href":"https:\/\/api.w.org\/{rel}","templated":true}]}}