{"id":24917,"date":"2023-06-13T15:26:13","date_gmt":"2023-06-13T15:26:13","guid":{"rendered":"https:\/\/www.trbo.com\/?page_id=24917"},"modified":"2023-09-21T12:17:05","modified_gmt":"2023-09-21T10:17:05","slug":"event-download","status":"publish","type":"page","link":"https:\/\/www.trbo.com\/de\/event-download\/","title":{"rendered":"Event Download"},"content":{"rendered":"<div data-elementor-type=\"wp-page\" data-elementor-id=\"24917\" class=\"elementor elementor-24917\" data-elementor-post-type=\"page\">\n\t\t\t\t<div class=\"elementor-element elementor-element-9d4e6da e-flex e-con-boxed e-con e-parent\" data-id=\"9d4e6da\" data-element_type=\"container\" data-settings=\"{&quot;background_background&quot;:&quot;classic&quot;}\">\n\t\t\t\t\t<div class=\"e-con-inner\">\n\t\t<div class=\"elementor-element elementor-element-a0388e4 e-con-full e-flex e-con e-parent\" data-id=\"a0388e4\" data-element_type=\"container\">\n\t\t\t\t<div class=\"elementor-element elementor-element-96912fe elementor-widget elementor-widget-heading\" data-id=\"96912fe\" data-element_type=\"widget\" data-widget_type=\"heading.default\">\n\t\t\t\t<div class=\"elementor-widget-container\">\n\t\t\t\t\t<h1 class=\"elementor-heading-title elementor-size-default\">Willkommen in der <i>digitalen Welt<\/i> von trbo <\/h1>\t\t\t\t<\/div>\n\t\t\t\t<\/div>\n\t\t\t\t<div class=\"elementor-element elementor-element-41e8f92 elementor-widget elementor-widget-text-editor\" data-id=\"41e8f92\" data-element_type=\"widget\" data-widget_type=\"text-editor.default\">\n\t\t\t\t<div class=\"elementor-widget-container\">\n\t\t\t\t\t\t\t\t\t<p>Entdecke ma\u00dfgeschneiderte Onsite-Personalisierung mit trbo!<\/p><p>Erhalte exklusive Inhalte und erfahre, wie trbo dir dabei helfen kann, deine KPIs zu verbessern.<\/p><p>Wir haben deshalb f\u00fcr dich ein paar Case Studies und Whitepapers vorbereitet, die dich interessieren k\u00f6nnten. Du kannst sie dir hier kostenlos downloaden.<\/p>\t\t\t\t\t\t\t\t<\/div>\n\t\t\t\t<\/div>\n\t\t\t\t<\/div>\n\t\t<div class=\"elementor-element elementor-element-1bd5184 e-con-full elementor-hidden-mobile e-flex e-con e-parent\" data-id=\"1bd5184\" data-element_type=\"container\">\n\t\t\t\t<div class=\"elementor-element elementor-element-395478a elementor-widget elementor-widget-image\" data-id=\"395478a\" data-element_type=\"widget\" data-widget_type=\"image.default\">\n\t\t\t\t<div class=\"elementor-widget-container\">\n\t\t\t\t\t\t\t\t\t\t\t\t\t\t\t<img fetchpriority=\"high\" decoding=\"async\" width=\"330\" height=\"351\" src=\"https:\/\/www.trbo.com\/wp-content\/uploads\/2023\/02\/why-we-exist-two.svg\" class=\"attachment-large size-large wp-image-19615\" alt=\"Illustration: Person waving from a computer screen\" \/>\t\t\t\t\t\t\t\t\t\t\t\t\t\t\t<\/div>\n\t\t\t\t<\/div>\n\t\t\t\t<\/div>\n\t\t\t\t\t<\/div>\n\t\t\t\t<\/div>\n\t\t<div class=\"elementor-element elementor-element-8eadb02 e-flex e-con-boxed e-con e-parent\" data-id=\"8eadb02\" data-element_type=\"container\">\n\t\t\t\t\t<div class=\"e-con-inner\">\n\t\t\t\t<div class=\"elementor-element elementor-element-02f1743 elementor-widget elementor-widget-text-editor\" data-id=\"02f1743\" data-element_type=\"widget\" data-widget_type=\"text-editor.default\">\n\t\t\t\t<div class=\"elementor-widget-container\">\n\t\t\t\t\t\t\t\t\t<h3>Case Studies<\/h3><ul><li><a href=\"https:\/\/www.trbo.com\/wp-content\/uploads\/2023\/09\/trbo_CaseStudy_E-Book-DE.pdf\" target=\"_blank\" rel=\"noopener\">E-Book: Case Study Compilation<\/a><\/li><li><a href=\"https:\/\/www.trbo.com\/wp-content\/uploads\/2023\/09\/trbo_CaseStudy_LOreal_DE.pdf\" target=\"_blank\" rel=\"noopener\">Mobile first: Wie L\u2019Or\u00e9al mit gezieltem A\/B-Testing die Conversion Rate um 30% erh\u00f6hte<\/a><\/li><li><a href=\"https:\/\/www.trbo.com\/wp-content\/uploads\/2023\/09\/trbo_CaseStudy_Hagebaumarkt_DE.pdf\" target=\"_blank\" rel=\"noopener\">Wie eine ver\u00e4nderte Filterm\u00f6glichkeit den Conversion Value um 78,51% bei Hagebau erh\u00f6hte<\/a><\/li><li><a href=\"https:\/\/www.trbo.com\/wp-content\/uploads\/2023\/09\/trbo_CaseStudy_TelefonicaDE.pdf\" target=\"_blank\" rel=\"noopener\">Wie Telef\u00f3nica durch Direktverlinkung in den Warenkorb die Conversion Rate um 25,8% erh\u00f6hte<\/a><\/li><li><a href=\"https:\/\/www.trbo.com\/wp-content\/uploads\/2023\/09\/trbo_CaseStudy_reifen.com_DE.pdf\" target=\"_blank\" rel=\"noopener\">Wie reifen.com mit standortbasierter Wetteranzeige und User-optimierter Ansprache den Conversion Value um 23,48 % steigerte<\/a><\/li><li><a href=\"https:\/\/www.trbo.com\/wp-content\/uploads\/2023\/09\/trbo_CaseStudy_Sanpura_DE.pdf\" target=\"_blank\" rel=\"noopener\">Wie SANPURA durch eine kleine Anpassung im Men\u00fc-Wording die CTR um 57,14% und die Conversion Rate um 10,38% steigerte<\/a><\/li><li><a href=\"https:\/\/www.trbo.com\/wp-content\/uploads\/2023\/09\/trbo_CaseStudy_Wentronic_DE.pdf\" target=\"_blank\" rel=\"noopener\">Wie Wentronic mit Produktempfehlungen den Conversion Value um 58% und die CTR um sagenhafte 222% erh\u00f6hte<\/a><\/li><\/ul><p>\u00a0<\/p><h3>Whitepaper<\/h3><ul><li><a href=\"https:\/\/www.trbo.com\/wp-content\/uploads\/2023\/09\/trbo_Whitepaper_B2B_DE.pdf\" target=\"_blank\" rel=\"noopener\">Personalisierung im B2B<\/a><\/li><li><a href=\"https:\/\/www.trbo.com\/wp-content\/uploads\/2023\/09\/trbo_Whitepaper_LandingpagesThatConvert-ConversionOptimierung_DE.pdf\" target=\"_blank\" rel=\"noopener\">Conversion Optimierung<\/a><\/li><li><a href=\"https:\/\/www.trbo.com\/wp-content\/uploads\/2023\/09\/trbo_Whitepaper_A-B_Multivariantentests_DE.pdf\" target=\"_blank\" rel=\"noopener\">A\/B- und Multivariantentests zur Onsite-Optimierung einsetzen<\/a><\/li><li><a href=\"https:\/\/www.trbo.com\/wp-content\/uploads\/2023\/09\/trbo_Whitepaper_Recommendations_DE.pdf\" target=\"_blank\" rel=\"noopener\">Produkt-Empfehlungen<\/a><\/li><li><a href=\"https:\/\/www.trbo.com\/wp-content\/uploads\/2023\/09\/trbo_Whitepaper_AmazonPersonalisierung_DE.pdf\" target=\"_blank\" rel=\"noopener\">8 Tipps zur Personalisierung jedes Online-Shops<\/a><\/li><li><a href=\"https:\/\/www.trbo.com\/wp-content\/uploads\/2023\/09\/trbo_Whitepaper_ZeroPartyData_DE.pdf\" target=\"_blank\" rel=\"noopener\">Zero-Party-Data als Basis f\u00fcr Personalisierung<\/a><\/li><\/ul>\t\t\t\t\t\t\t\t<\/div>\n\t\t\t\t<\/div>\n\t\t\t\t\t<\/div>\n\t\t\t\t<\/div>\n\t\t<div class=\"elementor-element elementor-element-426e74d e-flex e-con-boxed e-con e-parent\" data-id=\"426e74d\" data-element_type=\"container\" data-settings=\"{&quot;background_background&quot;:&quot;classic&quot;}\">\n\t\t\t\t\t<div class=\"e-con-inner\">\n\t\t<div class=\"elementor-element elementor-element-6dd029c e-con-full e-flex e-con e-parent\" data-id=\"6dd029c\" data-element_type=\"container\" data-settings=\"{&quot;background_background&quot;:&quot;classic&quot;}\">\n\t\t<div class=\"elementor-element elementor-element-9a98807 e-con-full e-flex e-con e-parent\" data-id=\"9a98807\" data-element_type=\"container\">\n\t\t\t\t<div class=\"elementor-element elementor-element-234bada elementor-widget elementor-widget-heading\" data-id=\"234bada\" data-element_type=\"widget\" data-widget_type=\"heading.default\">\n\t\t\t\t<div class=\"elementor-widget-container\">\n\t\t\t\t\t<h4 class=\"elementor-heading-title elementor-size-default\">Du willst mehr \u00fcber trbo und unser Leistungsportfolio erfahren?<\/h4>\t\t\t\t<\/div>\n\t\t\t\t<\/div>\n\t\t\t\t<div class=\"elementor-element elementor-element-90851e5 elementor-widget elementor-widget-text-editor\" data-id=\"90851e5\" data-element_type=\"widget\" data-widget_type=\"text-editor.default\">\n\t\t\t\t<div class=\"elementor-widget-container\">\n\t\t\t\t\t\t\t\t\t<p>Erhalte regelm\u00e4\u00dfig Updates, Expertentipps und exklusive Inhalte rund um Onsite-Personalisierung und Conversion-Optimierung. Unser Newsletter versorgt dich mit wertvollen Informationen, um deine Strategien zu optimieren und auf dem neuesten Stand zu bleiben.<\/p>\t\t\t\t\t\t\t\t<\/div>\n\t\t\t\t<\/div>\n\t\t\t\t<\/div>\n\t\t<div class=\"elementor-element elementor-element-0a29177 e-con-full e-flex e-con e-parent\" data-id=\"0a29177\" data-element_type=\"container\">\n\t\t\t\t<div class=\"elementor-element elementor-element-7969e9c elementor-align-center go-to-contactform elementor-widget elementor-widget-button\" data-id=\"7969e9c\" data-element_type=\"widget\" data-widget_type=\"button.default\">\n\t\t\t\t<div class=\"elementor-widget-container\">\n\t\t\t\t\t\t\t\t\t<div class=\"elementor-button-wrapper\">\n\t\t\t\t\t<a class=\"elementor-button elementor-button-link elementor-size-sm\" href=\"\/de\/trbo-newsletter-sign-up\/\">\n\t\t\t\t\t\t<span class=\"elementor-button-content-wrapper\">\n\t\t\t\t\t\t<span class=\"elementor-button-icon\">\n\t\t\t\t<i aria-hidden=\"true\" class=\"fas fa-arrow-right\"><\/i>\t\t\t<\/span>\n\t\t\t\t\t\t\t\t\t<span class=\"elementor-button-text\">Zum Newsletter anmelden<\/span>\n\t\t\t\t\t<\/span>\n\t\t\t\t\t<\/a>\n\t\t\t\t<\/div>\n\t\t\t\t\t\t\t\t<\/div>\n\t\t\t\t<\/div>\n\t\t\t\t<\/div>\n\t\t\t\t<\/div>\n\t\t\t\t\t<\/div>\n\t\t\t\t<\/div>\n\t\t\t\t<\/div>","protected":false},"excerpt":{"rendered":"<p>Welcome to the digital world of trbo Discover tailored on-site personalization with trbo! Get access to exclusive insights and learn, how trbo can help you boost your KPIs. We have therefore prepared a few case studies and white papers that might be of interest to you. You can download them here for free. Case Studies [&hellip;]<\/p>","protected":false},"author":41,"featured_media":0,"parent":0,"menu_order":0,"comment_status":"closed","ping_status":"closed","template":"","meta":{"_acf_changed":false,"footnotes":""},"class_list":["post-24917","page","type-page","status-publish","hentry"],"acf":[],"yoast_head":"<!-- This site is optimized with the Yoast SEO plugin v24.3 - https:\/\/yoast.com\/wordpress\/plugins\/seo\/ -->\n<title>Event Download | trbo<\/title>\n<meta name=\"robots\" content=\"noindex, nofollow\" \/>\n<meta property=\"og:locale\" content=\"de_DE\" \/>\n<meta property=\"og:type\" content=\"article\" \/>\n<meta property=\"og:title\" content=\"Event Download | trbo\" \/>\n<meta property=\"og:description\" content=\"Welcome to the digital world of trbo Discover tailored on-site personalization with trbo! Get access to exclusive insights and learn, how trbo can help you boost your KPIs. We have therefore prepared a few case studies and white papers that might be of interest to you. You can download them here for free. Case Studies [&hellip;]\" \/>\n<meta property=\"og:url\" content=\"https:\/\/www.trbo.com\/de\/event-download\/\" \/>\n<meta property=\"og:site_name\" content=\"trbo\" \/>\n<meta property=\"article:publisher\" content=\"https:\/\/www.facebook.com\/trbo.Deutschland\" \/>\n<meta property=\"article:modified_time\" content=\"2023-09-21T10:17:05+00:00\" \/>\n<meta property=\"og:image\" content=\"https:\/\/www.trbo.com\/wp-content\/uploads\/2023\/02\/why-we-exist-two.svg\" \/>\n<meta name=\"twitter:card\" content=\"summary_large_image\" \/>\n<meta name=\"twitter:site\" content=\"@trboDACH\" \/>\n<meta name=\"twitter:label1\" content=\"Gesch\u00e4tzte Lesezeit\" \/>\n\t<meta name=\"twitter:data1\" content=\"2 Minuten\" \/>\n<script type=\"application\/ld+json\" class=\"yoast-schema-graph\">{\"@context\":\"https:\/\/schema.org\",\"@graph\":[{\"@type\":\"WebPage\",\"@id\":\"https:\/\/www.trbo.com\/event-download\/\",\"url\":\"https:\/\/www.trbo.com\/event-download\/\",\"name\":\"Event Download | trbo\",\"isPartOf\":{\"@id\":\"https:\/\/www.trbo.com\/#website\"},\"primaryImageOfPage\":{\"@id\":\"https:\/\/www.trbo.com\/event-download\/#primaryimage\"},\"image\":{\"@id\":\"https:\/\/www.trbo.com\/event-download\/#primaryimage\"},\"thumbnailUrl\":\"https:\/\/www.trbo.com\/wp-content\/uploads\/2023\/02\/why-we-exist-two.svg\",\"datePublished\":\"2023-06-13T15:26:13+00:00\",\"dateModified\":\"2023-09-21T10:17:05+00:00\",\"breadcrumb\":{\"@id\":\"https:\/\/www.trbo.com\/event-download\/#breadcrumb\"},\"inLanguage\":\"de-DE\",\"potentialAction\":[{\"@type\":\"ReadAction\",\"target\":[\"https:\/\/www.trbo.com\/event-download\/\"]}]},{\"@type\":\"ImageObject\",\"inLanguage\":\"de-DE\",\"@id\":\"https:\/\/www.trbo.com\/event-download\/#primaryimage\",\"url\":\"https:\/\/www.trbo.com\/wp-content\/uploads\/2023\/02\/why-we-exist-two.svg\",\"contentUrl\":\"https:\/\/www.trbo.com\/wp-content\/uploads\/2023\/02\/why-we-exist-two.svg\"},{\"@type\":\"BreadcrumbList\",\"@id\":\"https:\/\/www.trbo.com\/event-download\/#breadcrumb\",\"itemListElement\":[{\"@type\":\"ListItem\",\"position\":1,\"name\":\"Home\",\"item\":\"https:\/\/www.trbo.com\/\"},{\"@type\":\"ListItem\",\"position\":2,\"name\":\"Event Download\"}]},{\"@type\":\"WebSite\",\"@id\":\"https:\/\/www.trbo.com\/#website\",\"url\":\"https:\/\/www.trbo.com\/\",\"name\":\"trbo GmbH\",\"description\":\"Website personalization made effortless\",\"publisher\":{\"@id\":\"https:\/\/www.trbo.com\/#organization\"},\"alternateName\":\"trbo\",\"potentialAction\":[{\"@type\":\"SearchAction\",\"target\":{\"@type\":\"EntryPoint\",\"urlTemplate\":\"https:\/\/www.trbo.com\/?s={search_term_string}\"},\"query-input\":{\"@type\":\"PropertyValueSpecification\",\"valueRequired\":true,\"valueName\":\"search_term_string\"}}],\"inLanguage\":\"de-DE\"},{\"@type\":\"Organization\",\"@id\":\"https:\/\/www.trbo.com\/#organization\",\"name\":\"trbo GmbH\",\"alternateName\":\"trbo\",\"url\":\"https:\/\/www.trbo.com\/\",\"logo\":{\"@type\":\"ImageObject\",\"inLanguage\":\"de-DE\",\"@id\":\"https:\/\/www.trbo.com\/#\/schema\/logo\/image\/\",\"url\":\"https:\/\/www.trbo.com\/wp-content\/uploads\/2023\/02\/trbo.svg\",\"contentUrl\":\"https:\/\/www.trbo.com\/wp-content\/uploads\/2023\/02\/trbo.svg\",\"width\":83,\"height\":34,\"caption\":\"trbo GmbH\"},\"image\":{\"@id\":\"https:\/\/www.trbo.com\/#\/schema\/logo\/image\/\"},\"sameAs\":[\"https:\/\/www.facebook.com\/trbo.Deutschland\",\"https:\/\/x.com\/trboDACH\",\"https:\/\/www.linkedin.com\/company\/trbo-com\/\"]}]}<\/script>\n<!-- \/ Yoast SEO plugin. -->","yoast_head_json":{"title":"Event Download | trbo","robots":{"index":"noindex","follow":"nofollow"},"og_locale":"de_DE","og_type":"article","og_title":"Event Download | trbo","og_description":"Welcome to the digital world of trbo Discover tailored on-site personalization with trbo! Get access to exclusive insights and learn, how trbo can help you boost your KPIs. We have therefore prepared a few case studies and white papers that might be of interest to you. You can download them here for free. Case Studies [&hellip;]","og_url":"https:\/\/www.trbo.com\/de\/event-download\/","og_site_name":"trbo","article_publisher":"https:\/\/www.facebook.com\/trbo.Deutschland","article_modified_time":"2023-09-21T10:17:05+00:00","og_image":[{"url":"https:\/\/www.trbo.com\/wp-content\/uploads\/2023\/02\/why-we-exist-two.svg","type":"","width":"","height":""}],"twitter_card":"summary_large_image","twitter_site":"@trboDACH","twitter_misc":{"Gesch\u00e4tzte Lesezeit":"2 Minuten"},"schema":{"@context":"https:\/\/schema.org","@graph":[{"@type":"WebPage","@id":"https:\/\/www.trbo.com\/event-download\/","url":"https:\/\/www.trbo.com\/event-download\/","name":"Event Download | trbo","isPartOf":{"@id":"https:\/\/www.trbo.com\/#website"},"primaryImageOfPage":{"@id":"https:\/\/www.trbo.com\/event-download\/#primaryimage"},"image":{"@id":"https:\/\/www.trbo.com\/event-download\/#primaryimage"},"thumbnailUrl":"https:\/\/www.trbo.com\/wp-content\/uploads\/2023\/02\/why-we-exist-two.svg","datePublished":"2023-06-13T15:26:13+00:00","dateModified":"2023-09-21T10:17:05+00:00","breadcrumb":{"@id":"https:\/\/www.trbo.com\/event-download\/#breadcrumb"},"inLanguage":"de-DE","potentialAction":[{"@type":"ReadAction","target":["https:\/\/www.trbo.com\/event-download\/"]}]},{"@type":"ImageObject","inLanguage":"de-DE","@id":"https:\/\/www.trbo.com\/event-download\/#primaryimage","url":"https:\/\/www.trbo.com\/wp-content\/uploads\/2023\/02\/why-we-exist-two.svg","contentUrl":"https:\/\/www.trbo.com\/wp-content\/uploads\/2023\/02\/why-we-exist-two.svg"},{"@type":"BreadcrumbList","@id":"https:\/\/www.trbo.com\/event-download\/#breadcrumb","itemListElement":[{"@type":"ListItem","position":1,"name":"Home","item":"https:\/\/www.trbo.com\/"},{"@type":"ListItem","position":2,"name":"Event Download"}]},{"@type":"WebSite","@id":"https:\/\/www.trbo.com\/#website","url":"https:\/\/www.trbo.com\/","name":"trbo GmbH","description":"Website Personalisierung einfach gemacht","publisher":{"@id":"https:\/\/www.trbo.com\/#organization"},"alternateName":"trbo","potentialAction":[{"@type":"SearchAction","target":{"@type":"EntryPoint","urlTemplate":"https:\/\/www.trbo.com\/?s={search_term_string}"},"query-input":{"@type":"PropertyValueSpecification","valueRequired":true,"valueName":"search_term_string"}}],"inLanguage":"de-DE"},{"@type":"Organization","@id":"https:\/\/www.trbo.com\/#organization","name":"trbo GmbH","alternateName":"trbo","url":"https:\/\/www.trbo.com\/","logo":{"@type":"ImageObject","inLanguage":"de-DE","@id":"https:\/\/www.trbo.com\/#\/schema\/logo\/image\/","url":"https:\/\/www.trbo.com\/wp-content\/uploads\/2023\/02\/trbo.svg","contentUrl":"https:\/\/www.trbo.com\/wp-content\/uploads\/2023\/02\/trbo.svg","width":83,"height":34,"caption":"trbo GmbH"},"image":{"@id":"https:\/\/www.trbo.com\/#\/schema\/logo\/image\/"},"sameAs":["https:\/\/www.facebook.com\/trbo.Deutschland","https:\/\/x.com\/trboDACH","https:\/\/www.linkedin.com\/company\/trbo-com\/"]}]}},"_links":{"self":[{"href":"https:\/\/www.trbo.com\/de\/wp-json\/wp\/v2\/pages\/24917","targetHints":{"allow":["GET"]}}],"collection":[{"href":"https:\/\/www.trbo.com\/de\/wp-json\/wp\/v2\/pages"}],"about":[{"href":"https:\/\/www.trbo.com\/de\/wp-json\/wp\/v2\/types\/page"}],"author":[{"embeddable":true,"href":"https:\/\/www.trbo.com\/de\/wp-json\/wp\/v2\/users\/41"}],"replies":[{"embeddable":true,"href":"https:\/\/www.trbo.com\/de\/wp-json\/wp\/v2\/comments?post=24917"}],"version-history":[{"count":0,"href":"https:\/\/www.trbo.com\/de\/wp-json\/wp\/v2\/pages\/24917\/revisions"}],"wp:attachment":[{"href":"https:\/\/www.trbo.com\/de\/wp-json\/wp\/v2\/media?parent=24917"}],"curies":[{"name":"wp","href":"https:\/\/api.w.org\/{rel}","templated":true}]}}