{"id":24812,"date":"2023-05-23T06:58:54","date_gmt":"2023-05-23T06:58:54","guid":{"rendered":"https:\/\/www.trbo.com\/?page_id=24812"},"modified":"2024-06-12T09:49:44","modified_gmt":"2024-06-12T07:49:44","slug":"giveaway-bedingungen","status":"publish","type":"page","link":"https:\/\/www.trbo.com\/de\/giveaway-policy\/","title":{"rendered":"Gewinnspiel Bedingungen"},"content":{"rendered":"<div data-elementor-type=\"wp-page\" data-elementor-id=\"24812\" class=\"elementor elementor-24812\" data-elementor-post-type=\"page\">\n\t\t\t\t<div class=\"elementor-element elementor-element-660287a section e-con-full e-flex e-con e-parent\" data-id=\"660287a\" data-element_type=\"container\">\n\t\t\t\t<div class=\"elementor-element elementor-element-dffefa4 elementor-widget elementor-widget-text-editor\" data-id=\"dffefa4\" data-element_type=\"widget\" data-widget_type=\"text-editor.default\">\n\t\t\t\t<div class=\"elementor-widget-container\">\n\t\t\t\t\t\t\t\t\t<h1>Gewinnspiel Bedingungen<\/h1><h3>Teilnahmebedingungen<\/h3><p>Die Teilnahme am Gewinnspiel von trbo, nachfolgend Betreiber oder Veranstalter genannt, ist kostenlos und richtet sich ausschlie\u00dflich nach diesen Teilnahmebedingungen.<\/p><h3>\u00a0<\/h3><h3>Ablauf des Gewinnspiels<\/h3><p class=\"translation-block\">Die Dauer des Gewinnspiels ist vom <strong>12.06.2024 bis 13.06.2024 um 15 Uhr<\/strong>. W\u00e4hrend dieses Zeitraums haben die Nutzer die M\u00f6glichkeit, online an dem Gewinnspiel teilzunehmen.<\/p><h3>\u00a0<\/h3><h3>Teilnahme<\/h3><p class=\"translation-block\">Um an der Verlosung teilzunehmen, kommentieren Sie den LinkedIn-Post \u00fcber die EM-Verlosung wie in den Anweisungen angegeben. Die Teilnahme ist nur innerhalb des Teilnahmezeitraums m\u00f6glich. Kommentare, die nach Teilnahmeschluss eingehen, k\u00f6nnen nicht ber\u00fccksichtigt werden. Pro Teilnehmer nimmt nur ein eingereichter Kommentar an der Verlosung teil. Es ist strengstens untersagt, mehrere LinkedIn-Konten zu verwenden, um die Gewinnchancen zu erh\u00f6hen. Die Teilnahme an der Verlosung ist kostenlos.<\/p><h3>\u00a0<\/h3><h3>Teilnahmeberechtigte<\/h3><p class=\"translation-block\">Teilnahmeberechtigt sind nat\u00fcrliche Personen mit Wohnsitz in Deutschland, die das 18. Lebensjahr vollendet haben. Die Teilnahme ist nicht an den Erwerb von Waren oder Dienstleistungen gebunden. Sollte ein Teilnehmer in seiner Gesch\u00e4ftsf\u00e4higkeit eingeschr\u00e4nkt sein, ist die Zustimmung seines gesetzlichen Vertreters erforderlich. Von der Teilnahme am Gewinnspiel ausgeschlossen sind alle an der Konzeption und Durchf\u00fchrung des Gewinnspiels beteiligten Personen, Kunden, Mitarbeiter und Wettbewerber des Betreibers sowie deren Familienangeh\u00f6rige. Dar\u00fcber hinaus beh\u00e4lt sich der Betreiber das Recht vor, Personen nach eigenem Ermessen von der Teilnahme auszuschlie\u00dfen, wenn berechtigte Gr\u00fcnde vorliegen, beispielsweise (a) bei Manipulationen im Zusammenhang mit dem Zugang oder der Durchf\u00fchrung des Gewinnspiels, (b) bei Verst\u00f6\u00dfen gegen diese Teilnahmebedingungen, (c) bei unlauteren Handlungen oder (d) bei falschen oder irref\u00fchrenden Angaben im Zusammenhang mit der Teilnahme am Gewinnspiel.<\/p><h3>\u00a0<\/h3><h3>Gewinn, Benachrichtigung und \u00dcbermittlung des Gewinns<\/h3><p>Der folgende Preis wird vergeben, nachdem die beiden Gewinner unter allen Teilnehmern ausgelost wurden:<\/p><p><strong>1x Fanpaket<\/strong><\/p><p class=\"translation-block\">Die Auslosung der Gewinner findet nach dem Ende des Gewinnspiels am <strong>13<\/strong><span style=\"font-weight: bolder;font-size: 19.2px\">.06.2024 um 15:00 Uhr <\/span> statt. Die Gewinner werden am Donnerstag, den 13.06.2024, \u00fcber LinkedIn benachrichtigt und der Preis wird versendet, nachdem die Gewinner alle notwendigen Informationen \u00fcber Linkedin gesendet haben.Die Einl\u00f6sung des Preises erfolgt ausschlie\u00dflich an den Gewinner oder einen Vertreter seines Unternehmens. Ein Umtausch sowie eine Barauszahlung des Preises sind nicht m\u00f6glich. Alle zus\u00e4tzlichen Kosten, die mit der Inanspruchnahme des Preises verbunden sind, gehen zu Lasten des Gewinners. Der Gewinner ist f\u00fcr die Versteuerung des Gewinns verantwortlich. Meldet sich der Gewinner nach zweimaliger Aufforderung innerhalb von einer Woche nicht, kann der Gewinn auf einen anderen Teilnehmer \u00fcbertragen werden.<\/p><h3>\u00a0<\/h3><h3>Beendigung des Gewinnspiels<\/h3><p>Der Veranstalter beh\u00e4lt sich ausdr\u00fccklich vor, das Gewinnspiel ohne vorherige Ank\u00fcndigung und ohne Mitteilung von Gr\u00fcnden zu beenden. Dies gilt insbesondere f\u00fcr jegliche Gr\u00fcnde, die einen planm\u00e4\u00dfigen Ablauf des Gewinnspiels st\u00f6ren oder verhindern w\u00fcrden.<\/p><h3>\u00a0<\/h3><h3>Datenschutz<\/h3><p class=\"translation-block\">Wenn Sie \u00fcber LinkedIn an unserem Gewinnspiel teilnehmen, verarbeiten wir die folgenden personenbezogenen Daten: Vor- und Nachname, gesch\u00e4ftliche E-Mail-Adresse und Firmenname. Wir verarbeiten diese Daten zum Zweck der Ziehung der Gewinner und der Bereitstellung des Preises.<\/p><p class=\"translation-block\">Rechtsgrundlage f\u00fcr die Verarbeitung Ihrer personenbezogenen Daten zu den vorgenannten Zwecken ist Ihre Einwilligung gem\u00e4\u00df Art. 6 (1) S. 1 lit. a DSGVO. Sie k\u00f6nnen Ihre Einwilligung jederzeit mit Wirkung f\u00fcr die Zukunft (z.B. per E-Mail) gegen\u00fcber dem Verantwortlichen widerrufen. Weitere Informationen zum Verantwortlichen und zu den Ihnen nach der DSGVO zustehenden Rechten im Hinblick auf die Verarbeitung Ihrer personenbezogenen Daten finden Sie in unserer Datenschutzerkl\u00e4rung unter <a href=\"https:\/\/www.trbo.com\/de\/datenschutzerklarung\/\" target=\"_self\">https:\/\/www.trbo.com\/privacy-policy\/<\/a>. \nDie Teilnahme am Gewinnspiel und die Bereitstellung Ihrer oben genannten Daten erfolgt auf freiwilliger Basis. Bitte beachten Sie jedoch, dass wir Ihnen im Falle eines Gewinns diesen nur zur Verf\u00fcgung stellen k\u00f6nnen, wenn Sie uns die f\u00fcr die Abwicklung des Gewinns erforderlichen Daten zur Verf\u00fcgung stellen. Ihre Daten werden gel\u00f6scht, sobald der Zweck der Verarbeitung entfallen ist oder Sie Ihre Einwilligung widerrufen.<\/p><h3>\u00a0<\/h3><h3>Anwendbares Recht<\/h3><p class=\"translation-block\">Fragen oder Beschwerden im Zusammenhang mit dem Gewinnspiel sind an den Betreiber zu richten. Die Kontaktdaten sind im Impressum der Website zu finden. Das Gewinnspiel des Betreibers unterliegt ausschlie\u00dflich dem Recht der Bundesrepublik Deutschland. Der Rechtsweg ist im Hinblick auf die Ziehung der Gewinner und die eventuelle Auswertung der eingereichten Gewinnspielbeitr\u00e4ge ausgeschlossen.<\/p><h3>\u00a0<\/h3><h3>Salvatorische Klausel<\/h3><p>Sollte eine Bestimmung dieser Teilnahmebedingungen ganz oder teilweise unwirksam sein oder werden, so wird dadurch die G\u00fcltigkeit dieser Teilnahmebedingungen im \u00dcbrigen nicht ber\u00fchrt. Statt der unwirksamen Bestimmung gilt diejenige gesetzlich zul\u00e4ssige Regelung, die dem in der unwirksamen Bestimmung zum Ausdruck gekommenen Sinn und Zweck wirtschaftlich am n\u00e4chsten kommt. Entsprechendes gilt f\u00fcr den Fall des Vorliegens einer Regelungsl\u00fccke in diesen Teilnahmebedingungen.<\/p><p>Viel Gl\u00fcck und Erfolg w\u00fcnscht das Team von trbo!<\/p>\t\t\t\t\t\t\t\t<\/div>\n\t\t\t\t<\/div>\n\t\t\t\t<\/div>\n\t\t\t\t<\/div>","protected":false},"excerpt":{"rendered":"<p>Giveaway Policy Conditions of participation Participation in the giveaway of trbo, hereinafter referred to as operator or organizer, is free of charge and is governed exclusively by these conditions of participation. \u00a0 Expiry of the giveaway The duration of the giveaway is from 12.06.2024 to 13.06.2024 at 3 pm. During this period, users will be [&hellip;]<\/p>","protected":false},"author":41,"featured_media":0,"parent":0,"menu_order":0,"comment_status":"closed","ping_status":"closed","template":"","meta":{"_acf_changed":false,"footnotes":""},"class_list":["post-24812","page","type-page","status-publish","hentry"],"acf":[],"yoast_head":"<!-- This site is optimized with the Yoast SEO plugin v24.3 - https:\/\/yoast.com\/wordpress\/plugins\/seo\/ -->\n<title>Giveaway Policy | trbo<\/title>\n<meta name=\"description\" content=\"Our privacy policy is based on the terms used by the European legislator under the General Data Protection Regulation (GDPR).\" \/>\n<meta name=\"robots\" content=\"noindex, follow\" \/>\n<meta property=\"og:locale\" content=\"de_DE\" \/>\n<meta property=\"og:type\" content=\"article\" \/>\n<meta property=\"og:title\" content=\"Giveaway Policy | trbo\" \/>\n<meta property=\"og:description\" content=\"Our privacy policy is based on the terms used by the European legislator under the General Data Protection Regulation (GDPR).\" \/>\n<meta property=\"og:url\" content=\"https:\/\/www.trbo.com\/de\/giveaway-bedingungen\/\" \/>\n<meta property=\"og:site_name\" content=\"trbo\" \/>\n<meta property=\"article:publisher\" content=\"https:\/\/www.facebook.com\/trbo.Deutschland\" \/>\n<meta property=\"article:modified_time\" content=\"2024-06-12T07:49:44+00:00\" \/>\n<meta property=\"og:image\" content=\"https:\/\/www.trbo.com\/wp-content\/uploads\/2023\/03\/media.jpg\" \/>\n\t<meta property=\"og:image:width\" content=\"1200\" \/>\n\t<meta property=\"og:image:height\" content=\"630\" \/>\n\t<meta property=\"og:image:type\" content=\"image\/jpeg\" \/>\n<meta name=\"twitter:card\" content=\"summary_large_image\" \/>\n<meta name=\"twitter:site\" content=\"@trboDACH\" \/>\n<meta name=\"twitter:label1\" content=\"Gesch\u00e4tzte Lesezeit\" \/>\n\t<meta name=\"twitter:data1\" content=\"4 Minuten\" \/>\n<script type=\"application\/ld+json\" class=\"yoast-schema-graph\">{\"@context\":\"https:\/\/schema.org\",\"@graph\":[{\"@type\":\"WebPage\",\"@id\":\"https:\/\/www.trbo.com\/giveaway-policy\/\",\"url\":\"https:\/\/www.trbo.com\/giveaway-policy\/\",\"name\":\"Giveaway Policy | trbo\",\"isPartOf\":{\"@id\":\"https:\/\/www.trbo.com\/#website\"},\"datePublished\":\"2023-05-23T06:58:54+00:00\",\"dateModified\":\"2024-06-12T07:49:44+00:00\",\"description\":\"Our privacy policy is based on the terms used by the European legislator under the General Data Protection Regulation (GDPR).\",\"breadcrumb\":{\"@id\":\"https:\/\/www.trbo.com\/giveaway-policy\/#breadcrumb\"},\"inLanguage\":\"de-DE\",\"potentialAction\":[{\"@type\":\"ReadAction\",\"target\":[\"https:\/\/www.trbo.com\/giveaway-policy\/\"]}]},{\"@type\":\"BreadcrumbList\",\"@id\":\"https:\/\/www.trbo.com\/giveaway-policy\/#breadcrumb\",\"itemListElement\":[{\"@type\":\"ListItem\",\"position\":1,\"name\":\"Home\",\"item\":\"https:\/\/www.trbo.com\/\"},{\"@type\":\"ListItem\",\"position\":2,\"name\":\"Giveaway Policy\"}]},{\"@type\":\"WebSite\",\"@id\":\"https:\/\/www.trbo.com\/#website\",\"url\":\"https:\/\/www.trbo.com\/\",\"name\":\"trbo GmbH\",\"description\":\"Website personalization made effortless\",\"publisher\":{\"@id\":\"https:\/\/www.trbo.com\/#organization\"},\"alternateName\":\"trbo\",\"potentialAction\":[{\"@type\":\"SearchAction\",\"target\":{\"@type\":\"EntryPoint\",\"urlTemplate\":\"https:\/\/www.trbo.com\/?s={search_term_string}\"},\"query-input\":{\"@type\":\"PropertyValueSpecification\",\"valueRequired\":true,\"valueName\":\"search_term_string\"}}],\"inLanguage\":\"de-DE\"},{\"@type\":\"Organization\",\"@id\":\"https:\/\/www.trbo.com\/#organization\",\"name\":\"trbo GmbH\",\"alternateName\":\"trbo\",\"url\":\"https:\/\/www.trbo.com\/\",\"logo\":{\"@type\":\"ImageObject\",\"inLanguage\":\"de-DE\",\"@id\":\"https:\/\/www.trbo.com\/#\/schema\/logo\/image\/\",\"url\":\"https:\/\/www.trbo.com\/wp-content\/uploads\/2023\/02\/trbo.svg\",\"contentUrl\":\"https:\/\/www.trbo.com\/wp-content\/uploads\/2023\/02\/trbo.svg\",\"width\":83,\"height\":34,\"caption\":\"trbo GmbH\"},\"image\":{\"@id\":\"https:\/\/www.trbo.com\/#\/schema\/logo\/image\/\"},\"sameAs\":[\"https:\/\/www.facebook.com\/trbo.Deutschland\",\"https:\/\/x.com\/trboDACH\",\"https:\/\/www.linkedin.com\/company\/trbo-com\/\"]}]}<\/script>\n<!-- \/ Yoast SEO plugin. -->","yoast_head_json":{"title":"Giveaway Policy | trbo","description":"Unsere Datenschutzerkl\u00e4rung basiert auf den Begriffen, die der europ\u00e4ische Gesetzgeber im Rahmen der DSGVO verwendet.","robots":{"index":"noindex","follow":"follow"},"og_locale":"de_DE","og_type":"article","og_title":"Giveaway Policy | trbo","og_description":"Our privacy policy is based on the terms used by the European legislator under the General Data Protection Regulation (GDPR).","og_url":"https:\/\/www.trbo.com\/de\/giveaway-bedingungen\/","og_site_name":"trbo","article_publisher":"https:\/\/www.facebook.com\/trbo.Deutschland","article_modified_time":"2024-06-12T07:49:44+00:00","og_image":[{"width":1200,"height":630,"url":"https:\/\/www.trbo.com\/wp-content\/uploads\/2023\/03\/media.jpg","type":"image\/jpeg"}],"twitter_card":"summary_large_image","twitter_site":"@trboDACH","twitter_misc":{"Gesch\u00e4tzte Lesezeit":"4 Minuten"},"schema":{"@context":"https:\/\/schema.org","@graph":[{"@type":"WebPage","@id":"https:\/\/www.trbo.com\/giveaway-policy\/","url":"https:\/\/www.trbo.com\/giveaway-policy\/","name":"Giveaway Policy | trbo","isPartOf":{"@id":"https:\/\/www.trbo.com\/#website"},"datePublished":"2023-05-23T06:58:54+00:00","dateModified":"2024-06-12T07:49:44+00:00","description":"Unsere Datenschutzerkl\u00e4rung basiert auf den Begriffen, die der europ\u00e4ische Gesetzgeber im Rahmen der DSGVO verwendet.","breadcrumb":{"@id":"https:\/\/www.trbo.com\/giveaway-policy\/#breadcrumb"},"inLanguage":"de-DE","potentialAction":[{"@type":"ReadAction","target":["https:\/\/www.trbo.com\/giveaway-policy\/"]}]},{"@type":"BreadcrumbList","@id":"https:\/\/www.trbo.com\/giveaway-policy\/#breadcrumb","itemListElement":[{"@type":"ListItem","position":1,"name":"Home","item":"https:\/\/www.trbo.com\/"},{"@type":"ListItem","position":2,"name":"Giveaway Policy"}]},{"@type":"WebSite","@id":"https:\/\/www.trbo.com\/#website","url":"https:\/\/www.trbo.com\/","name":"trbo GmbH","description":"Website Personalisierung einfach gemacht","publisher":{"@id":"https:\/\/www.trbo.com\/#organization"},"alternateName":"trbo","potentialAction":[{"@type":"SearchAction","target":{"@type":"EntryPoint","urlTemplate":"https:\/\/www.trbo.com\/?s={search_term_string}"},"query-input":{"@type":"PropertyValueSpecification","valueRequired":true,"valueName":"search_term_string"}}],"inLanguage":"de-DE"},{"@type":"Organization","@id":"https:\/\/www.trbo.com\/#organization","name":"trbo GmbH","alternateName":"trbo","url":"https:\/\/www.trbo.com\/","logo":{"@type":"ImageObject","inLanguage":"de-DE","@id":"https:\/\/www.trbo.com\/#\/schema\/logo\/image\/","url":"https:\/\/www.trbo.com\/wp-content\/uploads\/2023\/02\/trbo.svg","contentUrl":"https:\/\/www.trbo.com\/wp-content\/uploads\/2023\/02\/trbo.svg","width":83,"height":34,"caption":"trbo GmbH"},"image":{"@id":"https:\/\/www.trbo.com\/#\/schema\/logo\/image\/"},"sameAs":["https:\/\/www.facebook.com\/trbo.Deutschland","https:\/\/x.com\/trboDACH","https:\/\/www.linkedin.com\/company\/trbo-com\/"]}]}},"_links":{"self":[{"href":"https:\/\/www.trbo.com\/de\/wp-json\/wp\/v2\/pages\/24812","targetHints":{"allow":["GET"]}}],"collection":[{"href":"https:\/\/www.trbo.com\/de\/wp-json\/wp\/v2\/pages"}],"about":[{"href":"https:\/\/www.trbo.com\/de\/wp-json\/wp\/v2\/types\/page"}],"author":[{"embeddable":true,"href":"https:\/\/www.trbo.com\/de\/wp-json\/wp\/v2\/users\/41"}],"replies":[{"embeddable":true,"href":"https:\/\/www.trbo.com\/de\/wp-json\/wp\/v2\/comments?post=24812"}],"version-history":[{"count":0,"href":"https:\/\/www.trbo.com\/de\/wp-json\/wp\/v2\/pages\/24812\/revisions"}],"wp:attachment":[{"href":"https:\/\/www.trbo.com\/de\/wp-json\/wp\/v2\/media?parent=24812"}],"curies":[{"name":"wp","href":"https:\/\/api.w.org\/{rel}","templated":true}]}}