{"id":21868,"date":"2023-03-02T00:14:45","date_gmt":"2023-03-02T00:14:45","guid":{"rendered":"https:\/\/trbocom.wpengine.com\/?page_id=21868"},"modified":"2023-11-16T10:25:35","modified_gmt":"2023-11-16T09:25:35","slug":"legal-notice","status":"publish","type":"page","link":"https:\/\/www.trbo.com\/de\/legal-notice\/","title":{"rendered":"Impressum"},"content":{"rendered":"<div data-elementor-type=\"wp-page\" data-elementor-id=\"21868\" class=\"elementor elementor-21868\" data-elementor-post-type=\"page\">\n\t\t\t\t<div class=\"elementor-element elementor-element-660287a section e-flex e-con-boxed e-con e-parent\" data-id=\"660287a\" data-element_type=\"container\">\n\t\t\t\t\t<div class=\"e-con-inner\">\n\t\t\t\t<div class=\"elementor-element elementor-element-dffefa4 elementor-widget elementor-widget-text-editor\" data-id=\"dffefa4\" data-element_type=\"widget\" data-widget_type=\"text-editor.default\">\n\t\t\t\t<div class=\"elementor-widget-container\">\n\t\t\t\t\t\t\t\t\t<h1>Impressum<\/h1><h4>TRBO GMBH<\/h4><p>Leopoldstr. 41<br \/>80802 M\u00fcnchen, Deutschland<br \/>T: +49 (0) 89 \/ 215 38 68 0<\/p><h4>SITZ DER GESELLSCHAFT<\/h4><p>M\u00fcnchen, Deutschland<\/p><h4>REGISTERGERICHT<\/h4><p>M\u00fcnchen, HRB 20 57 78<\/p><h4>UMSATZSTEUER IDENTIFIKATIONSNUMMER<\/h4><p>DE 28 96 48 172<\/p><h4>INHALTLICH VERANTWORTLICHER (\u00a7 6 MDSTV)<\/h4><p>trbo GmbH<\/p><h4>GESCH\u00c4FTSF\u00dcHRER<\/h4><p>Felix Schirl<\/p><h4>DATENSCHUTZ<\/h4><p><a href=\"\/de\/datenschutzerklarung\/\">Datenschutzbestimmungen der trbo GmbH<\/a><\/p><h4>HAFTUNGSHINWEIS<\/h4><p>Trotz sorgf\u00e4ltiger inhaltlicher Kontrolle \u00fcbernehmen wir keine Haftung f\u00fcr die Inhalte externer Links. F\u00fcr den Inhalt der verlinkten Seiten sind ausschlie\u00dflich deren Betreiber verantwortlich.<\/p><p>\u00a0<\/p><h2>Weitere trbo Gesellschaften<\/h2><h4 style=\"font-family: var( --e-global-typography-primary-font-family ), Sans-serif; font-weight: var( --e-global-typography-primary-font-weight ); line-height: var( --e-global-typography-primary-line-height ); color: #00264c; font-size: 19.2px;\">TRBO INC.<\/h4><p style=\"margin-bottom: 0.9rem; font-family: 'Source Sans Pro', sans-serif; font-size: 19.2px; font-weight: 400;\">3250 NE 1st Ave<br \/>Suite 305<br \/>Miami, FL 33137 USA<br \/>T: 1-844-200-7222<\/p><div>\u00a0<\/div>\t\t\t\t\t\t\t\t<\/div>\n\t\t\t\t<\/div>\n\t\t\t\t\t<\/div>\n\t\t\t\t<\/div>\n\t\t\t\t<\/div>","protected":false},"excerpt":{"rendered":"<p>Legal Notice TRBO GMBH Leopoldstr. 4180802 Munich, GermanyT: +49 (0) 89 \/ 215 38 68 0 REGISTERED OFFICE OF THE COMPANY Munich, Germany REGISTER COURT (GERMANY) M\u00fcnchen, HRB 20 57 78 SALES TAX IDENTIFICATION NUMBER (GERMANY) DE 28 96 48 172 RESPONSIBLE FOR CONTENT (\u00a7 6 MDSTV, GERMANY) trbo GmbH MANAGING DIRECTOR Felix Schirl DATA [&hellip;]<\/p>","protected":false},"author":2,"featured_media":0,"parent":0,"menu_order":0,"comment_status":"closed","ping_status":"closed","template":"","meta":{"_acf_changed":false,"footnotes":""},"class_list":["post-21868","page","type-page","status-publish","hentry"],"acf":[],"yoast_head":"<!-- This site is optimized with the Yoast SEO plugin v24.3 - https:\/\/yoast.com\/wordpress\/plugins\/seo\/ -->\n<title>Legal Notice | trbo<\/title>\n<meta name=\"description\" content=\"trbo GmbH | Leopoldstr. 42 | 80802 Munich | Germany\" \/>\n<meta name=\"robots\" content=\"index, follow, max-snippet:-1, max-image-preview:large, max-video-preview:-1\" \/>\n<link rel=\"canonical\" href=\"https:\/\/www.trbo.com\/de\/legal-notice\/\" \/>\n<meta property=\"og:locale\" content=\"de_DE\" \/>\n<meta property=\"og:type\" content=\"article\" \/>\n<meta property=\"og:title\" content=\"Legal Notice | trbo\" \/>\n<meta property=\"og:description\" content=\"trbo GmbH | Leopoldstr. 42 | 80802 Munich | Germany\" \/>\n<meta property=\"og:url\" content=\"https:\/\/www.trbo.com\/de\/legal-notice\/\" \/>\n<meta property=\"og:site_name\" content=\"trbo\" \/>\n<meta property=\"article:publisher\" content=\"https:\/\/www.facebook.com\/trbo.Deutschland\" \/>\n<meta property=\"article:modified_time\" content=\"2023-11-16T09:25:35+00:00\" \/>\n<meta property=\"og:image\" content=\"https:\/\/www.trbo.com\/wp-content\/uploads\/2023\/03\/media.jpg\" \/>\n\t<meta property=\"og:image:width\" content=\"1200\" \/>\n\t<meta property=\"og:image:height\" content=\"630\" \/>\n\t<meta property=\"og:image:type\" content=\"image\/jpeg\" \/>\n<meta name=\"twitter:card\" content=\"summary_large_image\" \/>\n<meta name=\"twitter:site\" content=\"@trboDACH\" \/>\n<meta name=\"twitter:label1\" content=\"Gesch\u00e4tzte Lesezeit\" \/>\n\t<meta name=\"twitter:data1\" content=\"1 Minute\" \/>\n<script type=\"application\/ld+json\" class=\"yoast-schema-graph\">{\"@context\":\"https:\/\/schema.org\",\"@graph\":[{\"@type\":\"WebPage\",\"@id\":\"https:\/\/www.trbo.com\/de\/legal-notice\/\",\"url\":\"https:\/\/www.trbo.com\/de\/legal-notice\/\",\"name\":\"Legal Notice | trbo\",\"isPartOf\":{\"@id\":\"https:\/\/www.trbo.com\/#website\"},\"datePublished\":\"2023-03-02T00:14:45+00:00\",\"dateModified\":\"2023-11-16T09:25:35+00:00\",\"description\":\"trbo GmbH | Leopoldstr. 42 | 80802 Munich | Germany\",\"breadcrumb\":{\"@id\":\"https:\/\/www.trbo.com\/de\/legal-notice\/#breadcrumb\"},\"inLanguage\":\"de-DE\",\"potentialAction\":[{\"@type\":\"ReadAction\",\"target\":[\"https:\/\/www.trbo.com\/de\/legal-notice\/\"]}]},{\"@type\":\"BreadcrumbList\",\"@id\":\"https:\/\/www.trbo.com\/de\/legal-notice\/#breadcrumb\",\"itemListElement\":[{\"@type\":\"ListItem\",\"position\":1,\"name\":\"Home\",\"item\":\"https:\/\/www.trbo.com\/\"},{\"@type\":\"ListItem\",\"position\":2,\"name\":\"Legal Notice\"}]},{\"@type\":\"WebSite\",\"@id\":\"https:\/\/www.trbo.com\/#website\",\"url\":\"https:\/\/www.trbo.com\/\",\"name\":\"trbo GmbH\",\"description\":\"Website personalization made effortless\",\"publisher\":{\"@id\":\"https:\/\/www.trbo.com\/#organization\"},\"alternateName\":\"trbo\",\"potentialAction\":[{\"@type\":\"SearchAction\",\"target\":{\"@type\":\"EntryPoint\",\"urlTemplate\":\"https:\/\/www.trbo.com\/?s={search_term_string}\"},\"query-input\":{\"@type\":\"PropertyValueSpecification\",\"valueRequired\":true,\"valueName\":\"search_term_string\"}}],\"inLanguage\":\"de-DE\"},{\"@type\":\"Organization\",\"@id\":\"https:\/\/www.trbo.com\/#organization\",\"name\":\"trbo GmbH\",\"alternateName\":\"trbo\",\"url\":\"https:\/\/www.trbo.com\/\",\"logo\":{\"@type\":\"ImageObject\",\"inLanguage\":\"de-DE\",\"@id\":\"https:\/\/www.trbo.com\/#\/schema\/logo\/image\/\",\"url\":\"https:\/\/www.trbo.com\/wp-content\/uploads\/2023\/02\/trbo.svg\",\"contentUrl\":\"https:\/\/www.trbo.com\/wp-content\/uploads\/2023\/02\/trbo.svg\",\"width\":83,\"height\":34,\"caption\":\"trbo GmbH\"},\"image\":{\"@id\":\"https:\/\/www.trbo.com\/#\/schema\/logo\/image\/\"},\"sameAs\":[\"https:\/\/www.facebook.com\/trbo.Deutschland\",\"https:\/\/x.com\/trboDACH\",\"https:\/\/www.linkedin.com\/company\/trbo-com\/\"]}]}<\/script>\n<!-- \/ Yoast SEO plugin. -->","yoast_head_json":{"title":"Legal Notice | trbo","description":"trbo GmbH | Leopoldstr. 42 | 80802 M\u00fcnchen | Deutschland","robots":{"index":"index","follow":"follow","max-snippet":"max-snippet:-1","max-image-preview":"max-image-preview:large","max-video-preview":"max-video-preview:-1"},"canonical":"https:\/\/www.trbo.com\/de\/legal-notice\/","og_locale":"de_DE","og_type":"article","og_title":"Legal Notice | trbo","og_description":"trbo GmbH | Leopoldstr. 42 | 80802 Munich | Germany","og_url":"https:\/\/www.trbo.com\/de\/legal-notice\/","og_site_name":"trbo","article_publisher":"https:\/\/www.facebook.com\/trbo.Deutschland","article_modified_time":"2023-11-16T09:25:35+00:00","og_image":[{"width":1200,"height":630,"url":"https:\/\/www.trbo.com\/wp-content\/uploads\/2023\/03\/media.jpg","type":"image\/jpeg"}],"twitter_card":"summary_large_image","twitter_site":"@trboDACH","twitter_misc":{"Gesch\u00e4tzte Lesezeit":"1 Minute"},"schema":{"@context":"https:\/\/schema.org","@graph":[{"@type":"WebPage","@id":"https:\/\/www.trbo.com\/de\/legal-notice\/","url":"https:\/\/www.trbo.com\/de\/legal-notice\/","name":"Legal Notice | trbo","isPartOf":{"@id":"https:\/\/www.trbo.com\/#website"},"datePublished":"2023-03-02T00:14:45+00:00","dateModified":"2023-11-16T09:25:35+00:00","description":"trbo GmbH | Leopoldstr. 42 | 80802 M\u00fcnchen | Deutschland","breadcrumb":{"@id":"https:\/\/www.trbo.com\/de\/legal-notice\/#breadcrumb"},"inLanguage":"de-DE","potentialAction":[{"@type":"ReadAction","target":["https:\/\/www.trbo.com\/de\/legal-notice\/"]}]},{"@type":"BreadcrumbList","@id":"https:\/\/www.trbo.com\/de\/legal-notice\/#breadcrumb","itemListElement":[{"@type":"ListItem","position":1,"name":"Home","item":"https:\/\/www.trbo.com\/"},{"@type":"ListItem","position":2,"name":"Legal Notice"}]},{"@type":"WebSite","@id":"https:\/\/www.trbo.com\/#website","url":"https:\/\/www.trbo.com\/","name":"trbo GmbH","description":"Website Personalisierung einfach gemacht","publisher":{"@id":"https:\/\/www.trbo.com\/#organization"},"alternateName":"trbo","potentialAction":[{"@type":"SearchAction","target":{"@type":"EntryPoint","urlTemplate":"https:\/\/www.trbo.com\/?s={search_term_string}"},"query-input":{"@type":"PropertyValueSpecification","valueRequired":true,"valueName":"search_term_string"}}],"inLanguage":"de-DE"},{"@type":"Organization","@id":"https:\/\/www.trbo.com\/#organization","name":"trbo GmbH","alternateName":"trbo","url":"https:\/\/www.trbo.com\/","logo":{"@type":"ImageObject","inLanguage":"de-DE","@id":"https:\/\/www.trbo.com\/#\/schema\/logo\/image\/","url":"https:\/\/www.trbo.com\/wp-content\/uploads\/2023\/02\/trbo.svg","contentUrl":"https:\/\/www.trbo.com\/wp-content\/uploads\/2023\/02\/trbo.svg","width":83,"height":34,"caption":"trbo GmbH"},"image":{"@id":"https:\/\/www.trbo.com\/#\/schema\/logo\/image\/"},"sameAs":["https:\/\/www.facebook.com\/trbo.Deutschland","https:\/\/x.com\/trboDACH","https:\/\/www.linkedin.com\/company\/trbo-com\/"]}]}},"_links":{"self":[{"href":"https:\/\/www.trbo.com\/de\/wp-json\/wp\/v2\/pages\/21868","targetHints":{"allow":["GET"]}}],"collection":[{"href":"https:\/\/www.trbo.com\/de\/wp-json\/wp\/v2\/pages"}],"about":[{"href":"https:\/\/www.trbo.com\/de\/wp-json\/wp\/v2\/types\/page"}],"author":[{"embeddable":true,"href":"https:\/\/www.trbo.com\/de\/wp-json\/wp\/v2\/users\/2"}],"replies":[{"embeddable":true,"href":"https:\/\/www.trbo.com\/de\/wp-json\/wp\/v2\/comments?post=21868"}],"version-history":[{"count":0,"href":"https:\/\/www.trbo.com\/de\/wp-json\/wp\/v2\/pages\/21868\/revisions"}],"wp:attachment":[{"href":"https:\/\/www.trbo.com\/de\/wp-json\/wp\/v2\/media?parent=21868"}],"curies":[{"name":"wp","href":"https:\/\/api.w.org\/{rel}","templated":true}]}}