{"id":20095,"date":"2023-02-21T12:46:00","date_gmt":"2023-02-21T12:46:00","guid":{"rendered":"https:\/\/trbocom.wpengine.com\/?page_id=20095"},"modified":"2023-04-19T15:02:05","modified_gmt":"2023-04-19T15:02:05","slug":"karriere-2","status":"publish","type":"page","link":"https:\/\/www.trbo.com\/de\/karriere-2\/","title":{"rendered":"Karriere"},"content":{"rendered":"<div data-elementor-type=\"wp-page\" data-elementor-id=\"20095\" class=\"elementor elementor-20095\" data-elementor-post-type=\"page\">\n\t\t\t\t<div class=\"elementor-element elementor-element-14bd6e0 section e-flex e-con-boxed e-con e-parent\" data-id=\"14bd6e0\" data-element_type=\"container\">\n\t\t\t\t\t<div class=\"e-con-inner\">\n\t\t<div class=\"elementor-element elementor-element-1bb438d e-con-full e-flex e-con e-parent\" data-id=\"1bb438d\" data-element_type=\"container\">\n\t\t<div class=\"elementor-element elementor-element-ee9e0aa e-flex e-con-boxed e-con e-parent\" data-id=\"ee9e0aa\" data-element_type=\"container\">\n\t\t\t\t\t<div class=\"e-con-inner\">\n\t\t\t\t<div class=\"elementor-element elementor-element-54144da elementor-widget elementor-widget-image\" data-id=\"54144da\" data-element_type=\"widget\" data-widget_type=\"image.default\">\n\t\t\t\t<div class=\"elementor-widget-container\">\n\t\t\t\t\t\t\t\t\t\t\t\t\t\t\t<img decoding=\"async\" width=\"79\" height=\"58\" src=\"https:\/\/www.trbo.com\/wp-content\/uploads\/2023\/02\/join-team.svg\" class=\"attachment-large size-large wp-image-20096\" alt=\"Illustration: Brown briefcase icon\" \/>\t\t\t\t\t\t\t\t\t\t\t\t\t\t\t<\/div>\n\t\t\t\t<\/div>\n\t\t\t\t<div class=\"elementor-element elementor-element-d4f7a9c elementor-widget elementor-widget-heading\" data-id=\"d4f7a9c\" data-element_type=\"widget\" data-widget_type=\"heading.default\">\n\t\t\t\t<div class=\"elementor-widget-container\">\n\t\t\t\t\t<h1 class=\"elementor-heading-title elementor-size-default\">Werde Teil unseres Teams<\/h1>\t\t\t\t<\/div>\n\t\t\t\t<\/div>\n\t\t\t\t\t<\/div>\n\t\t\t\t<\/div>\n\t\t\t\t<div class=\"elementor-element elementor-element-4b28f4ea elementor-widget elementor-widget-text-editor\" data-id=\"4b28f4ea\" data-element_type=\"widget\" data-widget_type=\"text-editor.default\">\n\t\t\t\t<div class=\"elementor-widget-container\">\n\t\t\t\t\t\t\t\t\t<p><span style=\"font-size: 19.2px;\">Wir glauben, dass der Schl\u00fcssel zum Erfolg in der richtigen Mischung aus herausfordernden Aufgaben und dem Umgang mit interessanten Pers\u00f6nlichkeiten liegt. Bei trbo zu arbeiten hei\u00dft Innovationen voranzutreiben, Verantwortung zu \u00fcbernehmen und Gestaltungsfreiheit zu erleben.<\/span><\/p>\t\t\t\t\t\t\t\t<\/div>\n\t\t\t\t<\/div>\n\t\t\t\t<div class=\"elementor-element elementor-element-594d1a3 elementor-widget__width-initial go-to-jobs elementor-widget elementor-widget-button\" data-id=\"594d1a3\" data-element_type=\"widget\" id=\"btn-open-positions-career\" data-widget_type=\"button.default\">\n\t\t\t\t<div class=\"elementor-widget-container\">\n\t\t\t\t\t\t\t\t\t<div class=\"elementor-button-wrapper\">\n\t\t\t\t\t<a class=\"elementor-button elementor-button-link elementor-size-sm\" href=\"https:\/\/trbo.jobs.personio.de\/?language=en\/?utm_source=website_jobs&#038;utm_medium=ws&#038;utm_campaign=personio_jobs_11_2022\" target=\"_blank\">\n\t\t\t\t\t\t<span class=\"elementor-button-content-wrapper\">\n\t\t\t\t\t\t<span class=\"elementor-button-icon\">\n\t\t\t\t<i aria-hidden=\"true\" class=\"fas fa-arrow-right\"><\/i>\t\t\t<\/span>\n\t\t\t\t\t\t\t\t\t<span class=\"elementor-button-text\">Zu den offenen Stellen<\/span>\n\t\t\t\t\t<\/span>\n\t\t\t\t\t<\/a>\n\t\t\t\t<\/div>\n\t\t\t\t\t\t\t\t<\/div>\n\t\t\t\t<\/div>\n\t\t<div class=\"elementor-element elementor-element-2b97a3e e-flex e-con-boxed e-con e-parent\" data-id=\"2b97a3e\" data-element_type=\"container\" data-settings=\"{&quot;background_background&quot;:&quot;classic&quot;}\">\n\t\t\t\t\t<div class=\"e-con-inner\">\n\t\t<div class=\"elementor-element elementor-element-6f119f8 e-con-full e-flex e-con e-parent\" data-id=\"6f119f8\" data-element_type=\"container\">\n\t\t\t\t<div class=\"elementor-element elementor-element-3ed2324 elementor-widget elementor-widget-image\" data-id=\"3ed2324\" data-element_type=\"widget\" data-widget_type=\"image.default\">\n\t\t\t\t<div class=\"elementor-widget-container\">\n\t\t\t\t\t\t\t\t\t\t\t\t\t\t\t<img decoding=\"async\" width=\"37\" height=\"37\" src=\"https:\/\/www.trbo.com\/wp-content\/uploads\/2023\/02\/Good-working-atmosphere.svg\" class=\"attachment-large size-large wp-image-20098\" alt=\"Icon: Two stylized people figures with a heart outline\" \/>\t\t\t\t\t\t\t\t\t\t\t\t\t\t\t<\/div>\n\t\t\t\t<\/div>\n\t\t\t\t<div class=\"elementor-element elementor-element-ce46a31 elementor-widget elementor-widget-heading\" data-id=\"ce46a31\" data-element_type=\"widget\" data-widget_type=\"heading.default\">\n\t\t\t\t<div class=\"elementor-widget-container\">\n\t\t\t\t\t<p class=\"elementor-heading-title elementor-size-default\"><span style=\"font-size: 19.2px\">Gutes Arbeitsklima<\/span><\/p>\t\t\t\t<\/div>\n\t\t\t\t<\/div>\n\t\t\t\t<\/div>\n\t\t<div class=\"elementor-element elementor-element-3ec0d6c e-con-full e-flex e-con e-parent\" data-id=\"3ec0d6c\" data-element_type=\"container\">\n\t\t\t\t<div class=\"elementor-element elementor-element-266deaf elementor-widget elementor-widget-image\" data-id=\"266deaf\" data-element_type=\"widget\" data-widget_type=\"image.default\">\n\t\t\t\t<div class=\"elementor-widget-container\">\n\t\t\t\t\t\t\t\t\t\t\t\t\t\t\t<img decoding=\"async\" width=\"39\" height=\"42\" src=\"https:\/\/www.trbo.com\/wp-content\/uploads\/2023\/02\/Innovative-working-environment.svg\" class=\"attachment-large size-large wp-image-20099\" alt=\"Icon: Glowing light bulb\" \/>\t\t\t\t\t\t\t\t\t\t\t\t\t\t\t<\/div>\n\t\t\t\t<\/div>\n\t\t\t\t<div class=\"elementor-element elementor-element-9644bf1 elementor-widget elementor-widget-heading\" data-id=\"9644bf1\" data-element_type=\"widget\" data-widget_type=\"heading.default\">\n\t\t\t\t<div class=\"elementor-widget-container\">\n\t\t\t\t\t<p class=\"elementor-heading-title elementor-size-default\"><span style=\"font-size: 19.2px\">Innovatives Arbeitsumfeld<\/span><\/p>\t\t\t\t<\/div>\n\t\t\t\t<\/div>\n\t\t\t\t<\/div>\n\t\t<div class=\"elementor-element elementor-element-6b2e692 e-con-full e-flex e-con e-parent\" data-id=\"6b2e692\" data-element_type=\"container\">\n\t\t\t\t<div class=\"elementor-element elementor-element-c4115d8 elementor-widget elementor-widget-image\" data-id=\"c4115d8\" data-element_type=\"widget\" data-widget_type=\"image.default\">\n\t\t\t\t<div class=\"elementor-widget-container\">\n\t\t\t\t\t\t\t\t\t\t\t\t\t\t\t<img loading=\"lazy\" decoding=\"async\" width=\"37\" height=\"37\" src=\"https:\/\/www.trbo.com\/wp-content\/uploads\/2023\/02\/Frequent-team-events.svg\" class=\"attachment-large size-large wp-image-20097\" alt=\"Icon: Party popper with confetti\" \/>\t\t\t\t\t\t\t\t\t\t\t\t\t\t\t<\/div>\n\t\t\t\t<\/div>\n\t\t\t\t<div class=\"elementor-element elementor-element-a3c6561 elementor-widget elementor-widget-heading\" data-id=\"a3c6561\" data-element_type=\"widget\" data-widget_type=\"heading.default\">\n\t\t\t\t<div class=\"elementor-widget-container\">\n\t\t\t\t\t<p class=\"elementor-heading-title elementor-size-default\"><span style=\"font-size: 19.2px\">Regelm\u00e4\u00dfige Teamevents<\/span><\/p>\t\t\t\t<\/div>\n\t\t\t\t<\/div>\n\t\t\t\t<\/div>\n\t\t<div class=\"elementor-element elementor-element-66a72f6 e-con-full e-flex e-con e-parent\" data-id=\"66a72f6\" data-element_type=\"container\">\n\t\t\t\t<div class=\"elementor-element elementor-element-c08a81a elementor-widget elementor-widget-image\" data-id=\"c08a81a\" data-element_type=\"widget\" data-widget_type=\"image.default\">\n\t\t\t\t<div class=\"elementor-widget-container\">\n\t\t\t\t\t\t\t\t\t\t\t\t\t\t\t<img loading=\"lazy\" decoding=\"async\" width=\"40\" height=\"41\" src=\"https:\/\/www.trbo.com\/wp-content\/uploads\/2023\/02\/Modern-office-equipment.svg\" class=\"attachment-large size-large wp-image-20100\" alt=\"Icon: Computer monitor with a star\" \/>\t\t\t\t\t\t\t\t\t\t\t\t\t\t\t<\/div>\n\t\t\t\t<\/div>\n\t\t\t\t<div class=\"elementor-element elementor-element-c15120c elementor-widget elementor-widget-heading\" data-id=\"c15120c\" data-element_type=\"widget\" data-widget_type=\"heading.default\">\n\t\t\t\t<div class=\"elementor-widget-container\">\n\t\t\t\t\t<p class=\"elementor-heading-title elementor-size-default\"><span style=\"font-size: 19.2px\">Moderne B\u00fcroausstattung<\/span><\/p>\t\t\t\t<\/div>\n\t\t\t\t<\/div>\n\t\t\t\t<\/div>\n\t\t<div class=\"elementor-element elementor-element-a1e55e2 e-con-full e-flex e-con e-parent\" data-id=\"a1e55e2\" data-element_type=\"container\">\n\t\t\t\t<div class=\"elementor-element elementor-element-fa5ddc5 elementor-widget elementor-widget-image\" data-id=\"fa5ddc5\" data-element_type=\"widget\" data-widget_type=\"image.default\">\n\t\t\t\t<div class=\"elementor-widget-container\">\n\t\t\t\t\t\t\t\t\t\t\t\t\t\t\t<img loading=\"lazy\" decoding=\"async\" width=\"35\" height=\"36\" src=\"https:\/\/www.trbo.com\/wp-content\/uploads\/2023\/02\/Success-based-compensation-and-many-extras.svg\" class=\"attachment-large size-large wp-image-20102\" alt=\"Icon: Euro coin with an upward trending arrow graph\" \/>\t\t\t\t\t\t\t\t\t\t\t\t\t\t\t<\/div>\n\t\t\t\t<\/div>\n\t\t\t\t<div class=\"elementor-element elementor-element-b4dffdd elementor-widget elementor-widget-heading\" data-id=\"b4dffdd\" data-element_type=\"widget\" data-widget_type=\"heading.default\">\n\t\t\t\t<div class=\"elementor-widget-container\">\n\t\t\t\t\t<p class=\"elementor-heading-title elementor-size-default\"><span style=\"font-size: 19.2px\">Erfolgsbasierte Verg\u00fctung und viele Extras<\/span><\/p>\t\t\t\t<\/div>\n\t\t\t\t<\/div>\n\t\t\t\t<\/div>\n\t\t<div class=\"elementor-element elementor-element-001917c e-con-full e-flex e-con e-parent\" data-id=\"001917c\" data-element_type=\"container\">\n\t\t\t\t<div class=\"elementor-element elementor-element-045e1ca elementor-widget elementor-widget-image\" data-id=\"045e1ca\" data-element_type=\"widget\" data-widget_type=\"image.default\">\n\t\t\t\t<div class=\"elementor-widget-container\">\n\t\t\t\t\t\t\t\t\t\t\t\t\t\t\t<img loading=\"lazy\" decoding=\"async\" width=\"37\" height=\"37\" src=\"https:\/\/www.trbo.com\/wp-content\/uploads\/2023\/02\/Snacks-and-drinks.svg\" class=\"attachment-large size-large wp-image-20101\" alt=\"Icon: A bitten cookie\" \/>\t\t\t\t\t\t\t\t\t\t\t\t\t\t\t<\/div>\n\t\t\t\t<\/div>\n\t\t\t\t<div class=\"elementor-element elementor-element-9ffba13 elementor-widget elementor-widget-heading\" data-id=\"9ffba13\" data-element_type=\"widget\" data-widget_type=\"heading.default\">\n\t\t\t\t<div class=\"elementor-widget-container\">\n\t\t\t\t\t<p class=\"elementor-heading-title elementor-size-default\"><span style=\"font-size: 19.2px\">Snacks &amp; Getr\u00e4nke<\/span><\/p>\t\t\t\t<\/div>\n\t\t\t\t<\/div>\n\t\t\t\t<\/div>\n\t\t\t\t\t<\/div>\n\t\t\t\t<\/div>\n\t\t\t\t<\/div>\n\t\t<div class=\"elementor-element elementor-element-ca38658 e-con-full elementor-hidden-tablet elementor-hidden-mobile e-flex e-con e-parent\" data-id=\"ca38658\" data-element_type=\"container\">\n\t\t\t\t<div class=\"elementor-element elementor-element-705ff57 elementor-widget elementor-widget-image\" data-id=\"705ff57\" data-element_type=\"widget\" data-widget_type=\"image.default\">\n\t\t\t\t<div class=\"elementor-widget-container\">\n\t\t\t\t\t\t\t\t\t\t\t\t\t\t\t<img loading=\"lazy\" decoding=\"async\" width=\"525\" height=\"472\" src=\"https:\/\/www.trbo.com\/wp-content\/uploads\/2023\/03\/Career-Page-Illustration.svg\" class=\"attachment-large size-large wp-image-21865\" alt=\"Illustration: Man with white hair and mustache waving, in front of puzzle pieces\" \/>\t\t\t\t\t\t\t\t\t\t\t\t\t\t\t<\/div>\n\t\t\t\t<\/div>\n\t\t\t\t<\/div>\n\t\t\t\t\t<\/div>\n\t\t\t\t<\/div>\n\t\t\t\t<\/div>","protected":false},"excerpt":{"rendered":"<p>Join our Team We believe that the key to success lies in the right mix of challenging tasks and working with interesting personalities. Working at trbo means driving innovation, assuming responsibility and experiencing creative freedom. View open positions Good working atmosphere Innovative working environment Frequent team events Modern office equipment Success-based compensation and many extras [&hellip;]<\/p>","protected":false},"author":2,"featured_media":0,"parent":0,"menu_order":0,"comment_status":"closed","ping_status":"closed","template":"","meta":{"_acf_changed":false,"footnotes":""},"class_list":["post-20095","page","type-page","status-publish","hentry"],"acf":[],"yoast_head":"<!-- This site is optimized with the Yoast SEO plugin v24.3 - https:\/\/yoast.com\/wordpress\/plugins\/seo\/ -->\n<title>Careers | trbo<\/title>\n<meta name=\"description\" content=\"Join our awesome trbo team. \u2705 Innovation \u2705 Responsibility \u2705 Role flexibility \u2705 Good working environment \u2705 Success-based compensation\" \/>\n<meta name=\"robots\" content=\"index, follow, max-snippet:-1, max-image-preview:large, max-video-preview:-1\" \/>\n<link rel=\"canonical\" href=\"https:\/\/www.trbo.com\/de\/karriere-2\/\" \/>\n<meta property=\"og:locale\" content=\"de_DE\" \/>\n<meta property=\"og:type\" content=\"article\" \/>\n<meta property=\"og:title\" content=\"Careers | trbo\" \/>\n<meta property=\"og:description\" content=\"Join our awesome trbo team. \u2705 Innovation \u2705 Responsibility \u2705 Role flexibility \u2705 Good working environment \u2705 Success-based compensation\" \/>\n<meta property=\"og:url\" content=\"https:\/\/www.trbo.com\/de\/karriere-2\/\" \/>\n<meta property=\"og:site_name\" content=\"trbo\" \/>\n<meta property=\"article:publisher\" content=\"https:\/\/www.facebook.com\/trbo.Deutschland\" \/>\n<meta property=\"article:modified_time\" content=\"2023-04-19T15:02:05+00:00\" \/>\n<meta property=\"og:image\" content=\"https:\/\/trbocom.wpengine.com\/wp-content\/uploads\/2023\/02\/join-team.svg\" \/>\n<meta name=\"twitter:card\" content=\"summary_large_image\" \/>\n<meta name=\"twitter:site\" content=\"@trboDACH\" \/>\n<meta name=\"twitter:label1\" content=\"Gesch\u00e4tzte Lesezeit\" \/>\n\t<meta name=\"twitter:data1\" content=\"2 Minuten\" \/>\n<script type=\"application\/ld+json\" class=\"yoast-schema-graph\">{\"@context\":\"https:\/\/schema.org\",\"@graph\":[{\"@type\":\"WebPage\",\"@id\":\"https:\/\/www.trbo.com\/careers\/\",\"url\":\"https:\/\/www.trbo.com\/careers\/\",\"name\":\"Careers | trbo\",\"isPartOf\":{\"@id\":\"https:\/\/www.trbo.com\/#website\"},\"primaryImageOfPage\":{\"@id\":\"https:\/\/www.trbo.com\/careers\/#primaryimage\"},\"image\":{\"@id\":\"https:\/\/www.trbo.com\/careers\/#primaryimage\"},\"thumbnailUrl\":\"https:\/\/trbocom.wpengine.com\/wp-content\/uploads\/2023\/02\/join-team.svg\",\"datePublished\":\"2023-02-21T12:46:00+00:00\",\"dateModified\":\"2023-04-19T15:02:05+00:00\",\"description\":\"Join our awesome trbo team. \u2705 Innovation \u2705 Responsibility \u2705 Role flexibility \u2705 Good working environment \u2705 Success-based compensation\",\"breadcrumb\":{\"@id\":\"https:\/\/www.trbo.com\/careers\/#breadcrumb\"},\"inLanguage\":\"de-DE\",\"potentialAction\":[{\"@type\":\"ReadAction\",\"target\":[\"https:\/\/www.trbo.com\/careers\/\"]}]},{\"@type\":\"ImageObject\",\"inLanguage\":\"de-DE\",\"@id\":\"https:\/\/www.trbo.com\/careers\/#primaryimage\",\"url\":\"https:\/\/trbocom.wpengine.com\/wp-content\/uploads\/2023\/02\/join-team.svg\",\"contentUrl\":\"https:\/\/trbocom.wpengine.com\/wp-content\/uploads\/2023\/02\/join-team.svg\"},{\"@type\":\"BreadcrumbList\",\"@id\":\"https:\/\/www.trbo.com\/careers\/#breadcrumb\",\"itemListElement\":[{\"@type\":\"ListItem\",\"position\":1,\"name\":\"Home\",\"item\":\"https:\/\/www.trbo.com\/\"},{\"@type\":\"ListItem\",\"position\":2,\"name\":\"Careers\"}]},{\"@type\":\"WebSite\",\"@id\":\"https:\/\/www.trbo.com\/#website\",\"url\":\"https:\/\/www.trbo.com\/\",\"name\":\"trbo GmbH\",\"description\":\"Website personalization made effortless\",\"publisher\":{\"@id\":\"https:\/\/www.trbo.com\/#organization\"},\"alternateName\":\"trbo\",\"potentialAction\":[{\"@type\":\"SearchAction\",\"target\":{\"@type\":\"EntryPoint\",\"urlTemplate\":\"https:\/\/www.trbo.com\/?s={search_term_string}\"},\"query-input\":{\"@type\":\"PropertyValueSpecification\",\"valueRequired\":true,\"valueName\":\"search_term_string\"}}],\"inLanguage\":\"de-DE\"},{\"@type\":\"Organization\",\"@id\":\"https:\/\/www.trbo.com\/#organization\",\"name\":\"trbo GmbH\",\"alternateName\":\"trbo\",\"url\":\"https:\/\/www.trbo.com\/\",\"logo\":{\"@type\":\"ImageObject\",\"inLanguage\":\"de-DE\",\"@id\":\"https:\/\/www.trbo.com\/#\/schema\/logo\/image\/\",\"url\":\"https:\/\/www.trbo.com\/wp-content\/uploads\/2023\/02\/trbo.svg\",\"contentUrl\":\"https:\/\/www.trbo.com\/wp-content\/uploads\/2023\/02\/trbo.svg\",\"width\":83,\"height\":34,\"caption\":\"trbo GmbH\"},\"image\":{\"@id\":\"https:\/\/www.trbo.com\/#\/schema\/logo\/image\/\"},\"sameAs\":[\"https:\/\/www.facebook.com\/trbo.Deutschland\",\"https:\/\/x.com\/trboDACH\",\"https:\/\/www.linkedin.com\/company\/trbo-com\/\"]}]}<\/script>\n<!-- \/ Yoast SEO plugin. -->","yoast_head_json":{"title":"Karriere | trbo","description":"Werde Teil unseres einzigartigen trbo Teams \u2705 Innovation \u2705 Verantwortung \u2705 Gestaltungsfreiheit \u2705 gutes Arbeitsklima \u2705 erfolgsbasierte Verg\u00fctung","robots":{"index":"index","follow":"follow","max-snippet":"max-snippet:-1","max-image-preview":"max-image-preview:large","max-video-preview":"max-video-preview:-1"},"canonical":"https:\/\/www.trbo.com\/de\/karriere-2\/","og_locale":"de_DE","og_type":"article","og_title":"Careers | trbo","og_description":"Join our awesome trbo team. \u2705 Innovation \u2705 Responsibility \u2705 Role flexibility \u2705 Good working environment \u2705 Success-based compensation","og_url":"https:\/\/www.trbo.com\/de\/karriere-2\/","og_site_name":"trbo","article_publisher":"https:\/\/www.facebook.com\/trbo.Deutschland","article_modified_time":"2023-04-19T15:02:05+00:00","og_image":[{"url":"https:\/\/trbocom.wpengine.com\/wp-content\/uploads\/2023\/02\/join-team.svg","type":"","width":"","height":""}],"twitter_card":"summary_large_image","twitter_site":"@trboDACH","twitter_misc":{"Gesch\u00e4tzte Lesezeit":"2 Minuten"},"schema":{"@context":"https:\/\/schema.org","@graph":[{"@type":"WebPage","@id":"https:\/\/www.trbo.com\/careers\/","url":"https:\/\/www.trbo.com\/careers\/","name":"Karriere | trbo","isPartOf":{"@id":"https:\/\/www.trbo.com\/#website"},"primaryImageOfPage":{"@id":"https:\/\/www.trbo.com\/careers\/#primaryimage"},"image":{"@id":"https:\/\/www.trbo.com\/careers\/#primaryimage"},"thumbnailUrl":"https:\/\/trbocom.wpengine.com\/wp-content\/uploads\/2023\/02\/join-team.svg","datePublished":"2023-02-21T12:46:00+00:00","dateModified":"2023-04-19T15:02:05+00:00","description":"Werde Teil unseres einzigartigen trbo Teams \u2705 Innovation \u2705 Verantwortung \u2705 Gestaltungsfreiheit \u2705 gutes Arbeitsklima \u2705 erfolgsbasierte Verg\u00fctung","breadcrumb":{"@id":"https:\/\/www.trbo.com\/careers\/#breadcrumb"},"inLanguage":"de-DE","potentialAction":[{"@type":"ReadAction","target":["https:\/\/www.trbo.com\/careers\/"]}]},{"@type":"ImageObject","inLanguage":"de-DE","@id":"https:\/\/www.trbo.com\/careers\/#primaryimage","url":"https:\/\/trbocom.wpengine.com\/wp-content\/uploads\/2023\/02\/join-team.svg","contentUrl":"https:\/\/trbocom.wpengine.com\/wp-content\/uploads\/2023\/02\/join-team.svg"},{"@type":"BreadcrumbList","@id":"https:\/\/www.trbo.com\/careers\/#breadcrumb","itemListElement":[{"@type":"ListItem","position":1,"name":"Home","item":"https:\/\/www.trbo.com\/"},{"@type":"ListItem","position":2,"name":"Careers"}]},{"@type":"WebSite","@id":"https:\/\/www.trbo.com\/#website","url":"https:\/\/www.trbo.com\/","name":"trbo GmbH","description":"Website Personalisierung einfach gemacht","publisher":{"@id":"https:\/\/www.trbo.com\/#organization"},"alternateName":"trbo","potentialAction":[{"@type":"SearchAction","target":{"@type":"EntryPoint","urlTemplate":"https:\/\/www.trbo.com\/?s={search_term_string}"},"query-input":{"@type":"PropertyValueSpecification","valueRequired":true,"valueName":"search_term_string"}}],"inLanguage":"de-DE"},{"@type":"Organization","@id":"https:\/\/www.trbo.com\/#organization","name":"trbo GmbH","alternateName":"trbo","url":"https:\/\/www.trbo.com\/","logo":{"@type":"ImageObject","inLanguage":"de-DE","@id":"https:\/\/www.trbo.com\/#\/schema\/logo\/image\/","url":"https:\/\/www.trbo.com\/wp-content\/uploads\/2023\/02\/trbo.svg","contentUrl":"https:\/\/www.trbo.com\/wp-content\/uploads\/2023\/02\/trbo.svg","width":83,"height":34,"caption":"trbo GmbH"},"image":{"@id":"https:\/\/www.trbo.com\/#\/schema\/logo\/image\/"},"sameAs":["https:\/\/www.facebook.com\/trbo.Deutschland","https:\/\/x.com\/trboDACH","https:\/\/www.linkedin.com\/company\/trbo-com\/"]}]}},"_links":{"self":[{"href":"https:\/\/www.trbo.com\/de\/wp-json\/wp\/v2\/pages\/20095","targetHints":{"allow":["GET"]}}],"collection":[{"href":"https:\/\/www.trbo.com\/de\/wp-json\/wp\/v2\/pages"}],"about":[{"href":"https:\/\/www.trbo.com\/de\/wp-json\/wp\/v2\/types\/page"}],"author":[{"embeddable":true,"href":"https:\/\/www.trbo.com\/de\/wp-json\/wp\/v2\/users\/2"}],"replies":[{"embeddable":true,"href":"https:\/\/www.trbo.com\/de\/wp-json\/wp\/v2\/comments?post=20095"}],"version-history":[{"count":0,"href":"https:\/\/www.trbo.com\/de\/wp-json\/wp\/v2\/pages\/20095\/revisions"}],"wp:attachment":[{"href":"https:\/\/www.trbo.com\/de\/wp-json\/wp\/v2\/media?parent=20095"}],"curies":[{"name":"wp","href":"https:\/\/api.w.org\/{rel}","templated":true}]}}